{"id":3075,"date":"2020-09-17T08:57:55","date_gmt":"2020-09-17T01:57:55","guid":{"rendered":"\/web\/?page_id=3075"},"modified":"2024-03-07T14:58:55","modified_gmt":"2024-03-07T07:58:55","slug":"muong-than","status":"publish","type":"page","link":"\/web\/muong-than\/","title":{"rendered":"Tr\u1ea1m Y t\u1ebf x\u00e3 M\u01b0\u1eddng Than"},"content":{"rendered":"\n<p>Tr\u1ea1m Y t\u1ebf x\u00e3 M\u01b0\u1eddng Than \u0111\u01b0\u1ee3c x\u00e2y d\u1ef1ng t\u1ea1i C\u1ea9m Trung 1, x\u00e3 M\u01b0\u1eddng Than, huy\u1ec7n Than Uy\u00ean, t\u1ec9nh Lai Ch\u00e2u. Tr\u1ea1m Y t\u1ebf&nbsp; m\u1edbi \u0111\u01b0\u1ee3c x\u00e2y d\u1ef1ng 01 d\u1eaby nh\u00e0 3 t\u1ea7ng n\u0103m 2021 v\u00e0 01 d\u1eaby nh\u00e0 c\u0169 c\u00f3 14 ph\u00f2ng l\u00e0m vi\u1ec7c \u0111\u1ea3m b\u1ea3o ti\u00eau ch\u00ed qu\u1ed1c gia v\u1ec1 y t\u1ebf x\u00e3; c\u00f3 07 bi\u00ean ch\u1ebf trong \u0111\u00f3 01 b\u00e1c s\u1ef9 \u0111a khoa, 03 y s\u1ef9, 01 NHS, 01 d\u01b0\u1ee3c s\u1ef9 v\u00e0 01 v\u00ean ch\u1ee9c d\u00e2n s\u1ed1, 12 y t\u1ebf th\u00f4n b\u1ea3n. Tr\u1ea1m Y t\u1ebf lu\u00f4n tri\u1ec3n khai th\u1ef1c hi\u1ec7n t\u1ed1t ch\u1ee9c n\u0103ng, nhi\u1ec7m v\u1ee5 c\u1ee7a Tr\u1ea1m y t\u1ebf theo quy \u0111\u1ecbnh c\u1ee7a B\u1ed9 Y t\u1ebf. Trong nh\u1eefng n\u0103m qua, Tr\u1ea1m Y t\u1ebf lu\u00f4n ho\u00e0n th\u00e0nh t\u1ed1t nhi\u1ec7m v\u1ee5 ch\u0103m s\u00f3c s\u1ee9c kho\u1ebb ban \u0111\u1ea7u nh\u00e2n d\u00e2n tr\u00ean \u0111\u1ecba b\u00e0n. \u0110\u01b0\u1ee3c c\u00f4ng nh\u1eadn \u0111\u1ea1t ti\u00eau ch\u00ed qu\u1ed1c gia v\u1ec1 y t\u1ebf x\u00e3 n\u0103m 2012, \u0111\u01b0\u1ee3c c\u00f4ng nh\u1eadn l\u1ea1i n\u0103m 2015, 2018, 2021. Hi\u1ec7n duy tr\u00ec t\u1ed1t c\u00e1c ti\u00eau ch\u00ed chu\u1ea9n.<\/p>\n\n\n\n<figure class=\"wp-block-table\"><table class=\"has-fixed-layout\"><tbody><tr><td><\/td><td class=\"has-text-align-center\" data-align=\"center\"><img loading=\"lazy\" decoding=\"async\" width=\"150\" height=\"225\" class=\"wp-image-3333\" style=\"width: 150px;\" src=\"\/web\/wp-content\/uploads\/2020\/10\/L\u00ea-Th\u1ecb-B\u00edch-Ng\u1ecdc-045250366.jpg\" alt=\"\" srcset=\"\/web\/wp-content\/uploads\/2020\/10\/L\u00ea-Th\u1ecb-B\u00edch-Ng\u1ecdc-045250366.jpg 472w, \/web\/wp-content\/uploads\/2020\/10\/L\u00ea-Th\u1ecb-B\u00edch-Ng\u1ecdc-045250366-200x300.jpg 200w\" sizes=\"(max-width: 150px) 100vw, 150px\" \/><br><strong>L\u00ea Th\u1ecb B\u00edch Ng\u1ecdc<\/strong><br><em>Y s\u1ef9 \u0111a khoa<\/em><br><em><strong>Ph\u00f3 Tr\u01b0\u1edfng tr\u1ea1m<\/strong><\/em><\/td><td><\/td><\/tr><\/tbody><\/table><\/figure>\n\n\n\n<figure class=\"wp-block-table\"><table><tbody><tr><td class=\"has-text-align-center\" data-align=\"center\"><img loading=\"lazy\" decoding=\"async\" width=\"150\" height=\"225\" class=\"wp-image-3332\" style=\"width: 150px;\" src=\"\/web\/wp-content\/uploads\/2020\/10\/L\u00f2-V\u0103n-Quy\u1ec7n-045019440.jpg\" alt=\"\" srcset=\"\/web\/wp-content\/uploads\/2020\/10\/L\u00f2-V\u0103n-Quy\u1ec7n-045019440.jpg 787w, \/web\/wp-content\/uploads\/2020\/10\/L\u00f2-V\u0103n-Quy\u1ec7n-045019440-200x300.jpg 200w, \/web\/wp-content\/uploads\/2020\/10\/L\u00f2-V\u0103n-Quy\u1ec7n-045019440-682x1024.jpg 682w, \/web\/wp-content\/uploads\/2020\/10\/L\u00f2-V\u0103n-Quy\u1ec7n-045019440-768x1152.jpg 768w\" sizes=\"(max-width: 150px) 100vw, 150px\" \/><br><strong>L\u00f2 V\u0103n Quy\u1ec7n<\/strong><br><em>V\u0103n ph\u00f2ng<\/em><\/td><td class=\"has-text-align-center\" data-align=\"center\"><img loading=\"lazy\" decoding=\"async\" width=\"150\" height=\"225\" class=\"wp-image-3329\" style=\"width: 150px;\" src=\"\/web\/wp-content\/uploads\/2020\/10\/\u0110\u00e0o-Th\u1ecb-Li\u00ean-045046618.jpg\" alt=\"\" srcset=\"\/web\/wp-content\/uploads\/2020\/10\/\u0110\u00e0o-Th\u1ecb-Li\u00ean-045046618.jpg 472w, \/web\/wp-content\/uploads\/2020\/10\/\u0110\u00e0o-Th\u1ecb-Li\u00ean-045046618-200x300.jpg 200w\" sizes=\"(max-width: 150px) 100vw, 150px\" \/><br><em><strong><strong>\u0110\u00e0o Th\u1ecb Li\u00ean<\/strong><br><\/strong>Y s\u1ef9 \u0111a khoa<\/em><\/td><td class=\"has-text-align-center\" data-align=\"center\"><br><strong>Nguy\u1ec5n V\u0103n Th\u1ea3o<\/strong><br><em>Y s\u1ef9 \u0111a khoa<\/em><\/td><\/tr><tr><td class=\"has-text-align-center\" data-align=\"center\"><img loading=\"lazy\" decoding=\"async\" width=\"150\" height=\"225\" class=\"wp-image-3786\" style=\"width: 150px;\" src=\"\/web\/wp-content\/uploads\/2020\/11\/V\u0169-Minh-Tu\u1ea5n-045014121.jpg\" alt=\"\" srcset=\"\/web\/wp-content\/uploads\/2020\/11\/V\u0169-Minh-Tu\u1ea5n-045014121.jpg 787w, \/web\/wp-content\/uploads\/2020\/11\/V\u0169-Minh-Tu\u1ea5n-045014121-200x300.jpg 200w, \/web\/wp-content\/uploads\/2020\/11\/V\u0169-Minh-Tu\u1ea5n-045014121-682x1024.jpg 682w, \/web\/wp-content\/uploads\/2020\/11\/V\u0169-Minh-Tu\u1ea5n-045014121-768x1152.jpg 768w\" sizes=\"(max-width: 150px) 100vw, 150px\" \/><br><strong>V\u0169 Minh Tu\u1ea5n<\/strong><br><em>Y s\u1ef9 \u0111a khoa<\/em><\/td><td class=\"has-text-align-center\" data-align=\"center\"><img loading=\"lazy\" decoding=\"async\" width=\"150\" height=\"225\" class=\"wp-image-3789\" style=\"width: 150px;\" src=\"\/web\/wp-content\/uploads\/2020\/11\/Nguy\u1ec5n-Th\u1ecb-Ph\u01b0\u1ee3ng-060612727.jpg\" alt=\"\" srcset=\"\/web\/wp-content\/uploads\/2020\/11\/Nguy\u1ec5n-Th\u1ecb-Ph\u01b0\u1ee3ng-060612727.jpg 787w, \/web\/wp-content\/uploads\/2020\/11\/Nguy\u1ec5n-Th\u1ecb-Ph\u01b0\u1ee3ng-060612727-200x300.jpg 200w, \/web\/wp-content\/uploads\/2020\/11\/Nguy\u1ec5n-Th\u1ecb-Ph\u01b0\u1ee3ng-060612727-682x1024.jpg 682w, \/web\/wp-content\/uploads\/2020\/11\/Nguy\u1ec5n-Th\u1ecb-Ph\u01b0\u1ee3ng-060612727-768x1152.jpg 768w\" sizes=\"(max-width: 150px) 100vw, 150px\" \/><br><strong>Nguy\u1ec5n Th\u1ecb Ph\u01b0\u1ee3ng<\/strong><br><em>D\u01b0\u1ee3c s\u1ef9<\/em><\/td><td class=\"has-text-align-center\" data-align=\"center\"><img loading=\"lazy\" decoding=\"async\" width=\"150\" height=\"224\" class=\"wp-image-7385\" style=\"width: 150px;\" src=\"\/web\/wp-content\/uploads\/2024\/03\/mao-thi-hon-e1709798330577.jpg\" alt=\"\" srcset=\"\/web\/wp-content\/uploads\/2024\/03\/mao-thi-hon-e1709798330577.jpg 789w, \/web\/wp-content\/uploads\/2024\/03\/mao-thi-hon-e1709798330577-201x300.jpg 201w, \/web\/wp-content\/uploads\/2024\/03\/mao-thi-hon-e1709798330577-687x1024.jpg 687w, \/web\/wp-content\/uploads\/2024\/03\/mao-thi-hon-e1709798330577-768x1145.jpg 768w\" sizes=\"(max-width: 150px) 100vw, 150px\" \/><br><strong>M\u00e0o Th\u1ecb Hon<\/strong><br><em>B\u00e1c s\u1ef9 \u0111a khoa<\/em><\/td><\/tr><\/tbody><\/table><\/figure>\n","protected":false},"excerpt":{"rendered":"<div class=\"mh-excerpt\"><p>Tr\u1ea1m Y t\u1ebf x\u00e3 M\u01b0\u1eddng Than \u0111\u01b0\u1ee3c x\u00e2y d\u1ef1ng t\u1ea1i C\u1ea9m Trung 1, x\u00e3 M\u01b0\u1eddng Than, huy\u1ec7n Than Uy\u00ean, t\u1ec9nh Lai Ch\u00e2u. Tr\u1ea1m Y t\u1ebf&nbsp; <a class=\"mh-excerpt-more\" href=\"\/web\/muong-than\/\" title=\"Tr\u1ea1m Y t\u1ebf x\u00e3 M\u01b0\u1eddng Than\">[&#8230;]<\/a><\/p>\n<\/div>","protected":false},"author":1,"featured_media":0,"parent":0,"menu_order":0,"comment_status":"closed","ping_status":"closed","template":"","meta":{"footnotes":""},"_links":{"self":[{"href":"\/web\/wp-json\/wp\/v2\/pages\/3075"}],"collection":[{"href":"\/web\/wp-json\/wp\/v2\/pages"}],"about":[{"href":"\/web\/wp-json\/wp\/v2\/types\/page"}],"author":[{"embeddable":true,"href":"\/web\/wp-json\/wp\/v2\/users\/1"}],"replies":[{"embeddable":true,"href":"\/web\/wp-json\/wp\/v2\/comments?post=3075"}],"version-history":[{"count":10,"href":"\/web\/wp-json\/wp\/v2\/pages\/3075\/revisions"}],"predecessor-version":[{"id":7387,"href":"\/web\/wp-json\/wp\/v2\/pages\/3075\/revisions\/7387"}],"wp:attachment":[{"href":"\/web\/wp-json\/wp\/v2\/media?parent=3075"}],"curies":[{"name":"wp","href":"https:\/\/api.w.org\/{rel}","templated":true}]}}