{"id":3080,"date":"2020-09-17T08:58:18","date_gmt":"2020-09-17T01:58:18","guid":{"rendered":"\/web\/?page_id=3080"},"modified":"2024-03-07T15:11:03","modified_gmt":"2024-03-07T08:11:03","slug":"muong-mit","status":"publish","type":"page","link":"\/web\/muong-mit\/","title":{"rendered":"Tr\u1ea1m Y t\u1ebf th\u1ecb tr\u1ea5n Than Uy\u00ean"},"content":{"rendered":"\n<p>Tr\u1ea1m Y t\u1ebf th\u1ecb tr\u1ea5n Than Uy\u00ean \u0111\u01b0\u1ee3c x\u00e2y d\u1ef1ng t\u1ea1i khu 5B, th\u1ecb tr\u1ea5n Than uy\u00ean, huy\u1ec7n Than Uy\u00ean, t\u1ec9nh Lai Ch\u00e2u. Tr\u1ea1m c\u00f3 3 d\u1eaby nh\u00e0 12 ph\u00f2ng \u0111\u1ea3m b\u1ea3o ti\u00eau chu\u1ea9n ti\u00eau ch\u00ed qu\u00f3c gia v\u1ec1 y t\u1ebf x\u00e3, c\u00f3 05 bi\u00ean ch\u1ebf trong \u0111\u00f3 02 y s\u1ef9, 01 NHS, 01 d\u01b0\u1ee3c s\u1ef9 v\u00e0 01 v\u00ean ch\u1ee9c d\u00e2n s\u1ed1, 10 y t\u1ebf th\u00f4n b\u1ea3n. Tr\u1ea1m Y t\u1ebf lu\u00f4n tri\u1ec3n khai th\u1ef1c hi\u1ec7n t\u1ed1t ch\u1ee9c n\u0103ng, nhi\u1ec7m v\u1ee5 c\u1ee7a Tr\u1ea1m y t\u1ebf theo quy \u0111\u1ecbnh c\u1ee7a B\u1ed9 Y t\u1ebf. Trong nh\u1eefng n\u0103m qua, Tr\u1ea1m Y t\u1ebf lu\u00f4n ho\u00e0n th\u00e0nh t\u1ed1t nhi\u1ec7m v\u1ee5 ch\u0103m s\u00f3c s\u1ee9c kho\u1ebb ban \u0111\u1ea7u nh\u00e2n d\u00e2n tr\u00ean \u0111\u1ecba b\u00e0n. \u0110\u01b0\u1ee3c c\u00f4ng nh\u1eadn \u0111\u1ea1t ti\u00eau ch\u00ed qu\u1ed1c gia v\u1ec1 y t\u1ebf x\u00e3 n\u0103m 2012, \u0111\u01b0\u1ee3c c\u00f4ng nh\u1eadn l\u1ea1i n\u0103m 2015, 2018, 2021. Hi\u1ec7n duy tr\u00ec t\u1ed1t c\u00e1c ti\u00eau ch\u00ed chu\u1ea9n.<\/p>\n\n\n\n<figure class=\"wp-block-table\"><table><tbody><tr><td class=\"has-text-align-center\" data-align=\"center\"><img loading=\"lazy\" decoding=\"async\" width=\"150\" height=\"225\" class=\"wp-image-3337\" style=\"width: 150px;\" src=\"\/web\/wp-content\/uploads\/2020\/10\/Nguy\u1ec5n-Th\u1ecb-Duy\u00ean-045035098.jpg\" alt=\"\" srcset=\"\/web\/wp-content\/uploads\/2020\/10\/Nguy\u1ec5n-Th\u1ecb-Duy\u00ean-045035098.jpg 787w, \/web\/wp-content\/uploads\/2020\/10\/Nguy\u1ec5n-Th\u1ecb-Duy\u00ean-045035098-200x300.jpg 200w, \/web\/wp-content\/uploads\/2020\/10\/Nguy\u1ec5n-Th\u1ecb-Duy\u00ean-045035098-682x1024.jpg 682w, \/web\/wp-content\/uploads\/2020\/10\/Nguy\u1ec5n-Th\u1ecb-Duy\u00ean-045035098-768x1152.jpg 768w\" sizes=\"(max-width: 150px) 100vw, 150px\" \/><br><strong><strong>Nguy\u1ec5n Th\u1ecb Duy\u00ean<\/strong><\/strong><br><em>Y s\u1ef9 \u0111a khoa<\/em><br><em><strong>Ph\u00f3 tr\u1ea1m<\/strong><\/em><\/td><\/tr><\/tbody><\/table><\/figure>\n\n\n\n<figure class=\"wp-block-table\"><table><tbody><tr><td class=\"has-text-align-center\" data-align=\"center\"><img loading=\"lazy\" decoding=\"async\" width=\"150\" height=\"225\" class=\"wp-image-3383\" style=\"width: 150px;\" src=\"\/web\/wp-content\/uploads\/2020\/10\/L\u01b0\u1eddng-Th\u1ecb-Loan-045019445.jpg\" alt=\"\" srcset=\"\/web\/wp-content\/uploads\/2020\/10\/L\u01b0\u1eddng-Th\u1ecb-Loan-045019445.jpg 787w, \/web\/wp-content\/uploads\/2020\/10\/L\u01b0\u1eddng-Th\u1ecb-Loan-045019445-200x300.jpg 200w, \/web\/wp-content\/uploads\/2020\/10\/L\u01b0\u1eddng-Th\u1ecb-Loan-045019445-682x1024.jpg 682w, \/web\/wp-content\/uploads\/2020\/10\/L\u01b0\u1eddng-Th\u1ecb-Loan-045019445-768x1152.jpg 768w\" sizes=\"(max-width: 150px) 100vw, 150px\" \/><br><strong>L\u01b0\u1eddng Th\u1ecb Loan<\/strong><br><em>Y s\u1ef9 \u0111a khoa<\/em><\/td><td class=\"has-text-align-center\" data-align=\"center\"><img loading=\"lazy\" decoding=\"async\" width=\"150\" height=\"201\" class=\"wp-image-7401\" style=\"width: 150px;\" src=\"\/web\/wp-content\/uploads\/2024\/03\/ha-thi-phanh.jpg\" alt=\"\" srcset=\"\/web\/wp-content\/uploads\/2024\/03\/ha-thi-phanh.jpg 1009w, \/web\/wp-content\/uploads\/2024\/03\/ha-thi-phanh-224x300.jpg 224w, \/web\/wp-content\/uploads\/2024\/03\/ha-thi-phanh-763x1024.jpg 763w, \/web\/wp-content\/uploads\/2024\/03\/ha-thi-phanh-768x1031.jpg 768w\" sizes=\"(max-width: 150px) 100vw, 150px\" \/><br><strong>H\u00e0 Th\u1ecb Phanh<\/strong><br><em>D\u01b0\u1ee3c s\u1ef9<\/em><\/td><td class=\"has-text-align-center\" data-align=\"center\"><img loading=\"lazy\" decoding=\"async\" width=\"150\" height=\"225\" class=\"wp-image-3340\" style=\"width: 150px;\" src=\"\/web\/wp-content\/uploads\/2020\/10\/Nguy\u1ec5n-Th\u1ecb-Anh-045193856.jpg\" alt=\"\" srcset=\"\/web\/wp-content\/uploads\/2020\/10\/Nguy\u1ec5n-Th\u1ecb-Anh-045193856.jpg 787w, \/web\/wp-content\/uploads\/2020\/10\/Nguy\u1ec5n-Th\u1ecb-Anh-045193856-200x300.jpg 200w, \/web\/wp-content\/uploads\/2020\/10\/Nguy\u1ec5n-Th\u1ecb-Anh-045193856-682x1024.jpg 682w, \/web\/wp-content\/uploads\/2020\/10\/Nguy\u1ec5n-Th\u1ecb-Anh-045193856-768x1152.jpg 768w\" sizes=\"(max-width: 150px) 100vw, 150px\" \/><br><strong>Nguy\u1ec5n Th\u1ecb Anh<\/strong><br><em>N\u1eef h\u1ed9 sinh <\/em><\/td><td class=\"has-text-align-center\" data-align=\"center\"><img loading=\"lazy\" decoding=\"async\" width=\"150\" height=\"225\" class=\"wp-image-3341\" style=\"width: 150px;\" src=\"\/web\/wp-content\/uploads\/2020\/10\/Nguy\u1ec5n-Th\u1ecb-Hu\u1ec7.jpg\" alt=\"\" srcset=\"\/web\/wp-content\/uploads\/2020\/10\/Nguy\u1ec5n-Th\u1ecb-Hu\u1ec7.jpg 787w, \/web\/wp-content\/uploads\/2020\/10\/Nguy\u1ec5n-Th\u1ecb-Hu\u1ec7-200x300.jpg 200w, \/web\/wp-content\/uploads\/2020\/10\/Nguy\u1ec5n-Th\u1ecb-Hu\u1ec7-682x1024.jpg 682w, \/web\/wp-content\/uploads\/2020\/10\/Nguy\u1ec5n-Th\u1ecb-Hu\u1ec7-768x1152.jpg 768w\" sizes=\"(max-width: 150px) 100vw, 150px\" \/><br><strong>Nguy\u1ec5n Th\u1ecb Hu\u1ec7<\/strong><br><em>H\u00e0nh ch\u00ednh<\/em><\/td><\/tr><\/tbody><\/table><\/figure>\n","protected":false},"excerpt":{"rendered":"<div class=\"mh-excerpt\"><p>Tr\u1ea1m Y t\u1ebf th\u1ecb tr\u1ea5n Than Uy\u00ean \u0111\u01b0\u1ee3c x\u00e2y d\u1ef1ng t\u1ea1i khu 5B, th\u1ecb tr\u1ea5n Than uy\u00ean, huy\u1ec7n Than Uy\u00ean, t\u1ec9nh Lai Ch\u00e2u. Tr\u1ea1m c\u00f3 <a class=\"mh-excerpt-more\" href=\"\/web\/muong-mit\/\" title=\"Tr\u1ea1m Y t\u1ebf th\u1ecb tr\u1ea5n Than Uy\u00ean\">[&#8230;]<\/a><\/p>\n<\/div>","protected":false},"author":1,"featured_media":0,"parent":0,"menu_order":0,"comment_status":"closed","ping_status":"closed","template":"","meta":{"footnotes":""},"_links":{"self":[{"href":"\/web\/wp-json\/wp\/v2\/pages\/3080"}],"collection":[{"href":"\/web\/wp-json\/wp\/v2\/pages"}],"about":[{"href":"\/web\/wp-json\/wp\/v2\/types\/page"}],"author":[{"embeddable":true,"href":"\/web\/wp-json\/wp\/v2\/users\/1"}],"replies":[{"embeddable":true,"href":"\/web\/wp-json\/wp\/v2\/comments?post=3080"}],"version-history":[{"count":11,"href":"\/web\/wp-json\/wp\/v2\/pages\/3080\/revisions"}],"predecessor-version":[{"id":7970,"href":"\/web\/wp-json\/wp\/v2\/pages\/3080\/revisions\/7970"}],"wp:attachment":[{"href":"\/web\/wp-json\/wp\/v2\/media?parent=3080"}],"curies":[{"name":"wp","href":"https:\/\/api.w.org\/{rel}","templated":true}]}}