{"id":3086,"date":"2020-09-17T08:58:48","date_gmt":"2020-09-17T01:58:48","guid":{"rendered":"\/web\/?page_id=3086"},"modified":"2024-03-07T15:21:17","modified_gmt":"2024-03-07T08:21:17","slug":"hua-na","status":"publish","type":"page","link":"\/web\/hua-na\/","title":{"rendered":"Tr\u1ea1m Y t\u1ebf x\u00e3 Hua N\u00e0"},"content":{"rendered":"\n<p>Tr\u1ea1m Y t\u1ebf x\u00e3 Hua N\u00e0 \u0111\u01b0\u1ee3c x\u00e2y d\u1ef1ng t\u1ea1i b\u1ea3n Hua N\u00e0, x\u00e3 Hua N\u00e0, huy\u1ec7n Than Uy\u00ean, t\u1ec9nh Lai Ch\u00e2u. Tr\u1ea1m c\u00f3 3 d\u1eaby nh\u00e0 10 ph\u00f2ng \u0111\u1ea3m b\u1ea3o ti\u00eau chu\u1ea9n ti\u00eau ch\u00ed qu\u00f3c gia v\u1ec1 y t\u1ebf x\u00e3, c\u00f3 6 bi\u00ean ch\u1ebf 2 y s\u1ef9, 01 b\u00e1c s\u1ef9 \u0111a khoa&nbsp; m\u1edbi ra tr\u01b0\u1eddng, 01 c\u1eed nh\u00e2n h\u1ed9 sinh, 01 d\u01b0\u1ee3c s\u1ef9, 01 d\u00e2n s\u1ed1 v\u00e0 06 y t\u1ebf b\u1ea3n. Tr\u1ea1m Y t\u1ebf lu\u00f4n tri\u1ec3n khai th\u1ef1c hi\u1ec7n t\u1ed1t ch\u1ee9c n\u0103ng, nhi\u1ec7m v\u1ee5 c\u1ee7a Tr\u1ea1m y t\u1ebf theo quy \u0111\u1ecbnh c\u1ee7a B\u1ed9 Y t\u1ebf. Trong nh\u1eefng n\u0103m qua, Tr\u1ea1m Y t\u1ebf lu\u00f4n ho\u00e0n th\u00e0nh t\u1ed1t nhi\u1ec7m v\u1ee5 ch\u0103m s\u00f3c s\u1ee9c kho\u1ebb ban \u0111\u1ea7u nh\u00e2n d\u00e2n tr\u00ean \u0111\u1ecba b\u00e0n. \u0110\u01b0\u1ee3c c\u00f4ng nh\u1eadn \u0111\u1ea1t ti\u00eau ch\u00ed qu\u1ed1c gia v\u1ec1 y t\u1ebf x\u00e3 n\u0103m 2012, \u0111\u01b0\u1ee3c c\u00f4ng nh\u1eadn l\u1ea1i n\u0103m 2015, 2018, 2021. Hi\u1ec7n duy tr\u00ec t\u1ed1t c\u00e1c ti\u00eau ch\u00ed chu\u1ea9n.<\/p>\n\n\n\n<figure class=\"wp-block-table\"><table class=\"has-fixed-layout\"><tbody><tr><td><\/td><td class=\"has-text-align-center\" data-align=\"center\"><img loading=\"lazy\" decoding=\"async\" width=\"150\" height=\"225\" class=\"wp-image-3343\" style=\"width: 150px;\" src=\"\/web\/wp-content\/uploads\/2020\/10\/L\u00f2-V\u0103n-Phong-045014882.jpg\" alt=\"\" srcset=\"\/web\/wp-content\/uploads\/2020\/10\/L\u00f2-V\u0103n-Phong-045014882.jpg 787w, \/web\/wp-content\/uploads\/2020\/10\/L\u00f2-V\u0103n-Phong-045014882-200x300.jpg 200w, \/web\/wp-content\/uploads\/2020\/10\/L\u00f2-V\u0103n-Phong-045014882-682x1024.jpg 682w, \/web\/wp-content\/uploads\/2020\/10\/L\u00f2-V\u0103n-Phong-045014882-768x1152.jpg 768w\" sizes=\"(max-width: 150px) 100vw, 150px\" \/><br><strong>L\u00f2 V\u0103n Phong<\/strong><br><em>Y s\u1ef9 \u0111a khoa<\/em><br><strong><em>Tr\u01b0\u1edfng tr\u1ea1m<\/em><\/strong><\/td><td><\/td><\/tr><\/tbody><\/table><\/figure>\n\n\n\n<figure class=\"wp-block-table\"><table><tbody><tr><td class=\"has-text-align-center\" data-align=\"center\"><img loading=\"lazy\" decoding=\"async\" width=\"150\" height=\"225\" class=\"wp-image-3345\" style=\"width: 150px;\" src=\"\/web\/wp-content\/uploads\/2020\/10\/V\u0169-Th\u1ecb-Thanh-Huy\u1ec1n045014647.jpg\" alt=\"\" srcset=\"\/web\/wp-content\/uploads\/2020\/10\/V\u0169-Th\u1ecb-Thanh-Huy\u1ec1n045014647.jpg 787w, \/web\/wp-content\/uploads\/2020\/10\/V\u0169-Th\u1ecb-Thanh-Huy\u1ec1n045014647-200x300.jpg 200w, \/web\/wp-content\/uploads\/2020\/10\/V\u0169-Th\u1ecb-Thanh-Huy\u1ec1n045014647-682x1024.jpg 682w, \/web\/wp-content\/uploads\/2020\/10\/V\u0169-Th\u1ecb-Thanh-Huy\u1ec1n045014647-768x1152.jpg 768w\" sizes=\"(max-width: 150px) 100vw, 150px\" \/><br><strong>V\u0169 Th\u1ecb Thanh Huy\u1ec1n<\/strong><br><em>D\u01b0\u1ee3c s\u1ef9<\/em><\/td><td class=\"has-text-align-center\" data-align=\"center\"><img loading=\"lazy\" decoding=\"async\" width=\"150\" height=\"225\" class=\"wp-image-3348\" style=\"width: 150px;\" src=\"\/web\/wp-content\/uploads\/2020\/10\/Ho\u00e0ng-\u0110\u00ecnh-Thi\u1ec7n-045046904.jpg\" alt=\"\" srcset=\"\/web\/wp-content\/uploads\/2020\/10\/Ho\u00e0ng-\u0110\u00ecnh-Thi\u1ec7n-045046904.jpg 787w, \/web\/wp-content\/uploads\/2020\/10\/Ho\u00e0ng-\u0110\u00ecnh-Thi\u1ec7n-045046904-200x300.jpg 200w, \/web\/wp-content\/uploads\/2020\/10\/Ho\u00e0ng-\u0110\u00ecnh-Thi\u1ec7n-045046904-682x1024.jpg 682w, \/web\/wp-content\/uploads\/2020\/10\/Ho\u00e0ng-\u0110\u00ecnh-Thi\u1ec7n-045046904-768x1152.jpg 768w\" sizes=\"(max-width: 150px) 100vw, 150px\" \/><br><strong>Ho\u00e0ng \u0110\u00ecnh Thi\u1ec7n<\/strong><br><em>D\u00e2n s\u1ed1<\/em><\/td><td class=\"has-text-align-center\" data-align=\"center\"><img loading=\"lazy\" decoding=\"async\" width=\"150\" height=\"225\" class=\"wp-image-3347\" style=\"width: 150px;\" src=\"\/web\/wp-content\/uploads\/2020\/10\/T\u1ea9n-Th\u1ecb-Hi\u1ec1n-045193225.jpg\" alt=\"\" srcset=\"\/web\/wp-content\/uploads\/2020\/10\/T\u1ea9n-Th\u1ecb-Hi\u1ec1n-045193225.jpg 787w, \/web\/wp-content\/uploads\/2020\/10\/T\u1ea9n-Th\u1ecb-Hi\u1ec1n-045193225-200x300.jpg 200w, \/web\/wp-content\/uploads\/2020\/10\/T\u1ea9n-Th\u1ecb-Hi\u1ec1n-045193225-682x1024.jpg 682w, \/web\/wp-content\/uploads\/2020\/10\/T\u1ea9n-Th\u1ecb-Hi\u1ec1n-045193225-768x1152.jpg 768w\" sizes=\"(max-width: 150px) 100vw, 150px\" \/><br><strong>T\u1ea9n Th\u1ecb Hi\u1ec1n<\/strong><br><em>N\u1eef h\u1ed9 sinh<\/em><\/td><\/tr><tr><td class=\"has-text-align-center\" data-align=\"center\"><img loading=\"lazy\" decoding=\"async\" width=\"150\" height=\"225\" class=\"wp-image-3364\" style=\"width: 150px;\" src=\"\/web\/wp-content\/uploads\/2020\/10\/Nguy\u1ec5n-Th\u1ecb-Th\u00e0-045081447.jpg\" alt=\"\" srcset=\"\/web\/wp-content\/uploads\/2020\/10\/Nguy\u1ec5n-Th\u1ecb-Th\u00e0-045081447.jpg 472w, \/web\/wp-content\/uploads\/2020\/10\/Nguy\u1ec5n-Th\u1ecb-Th\u00e0-045081447-200x300.jpg 200w\" sizes=\"(max-width: 150px) 100vw, 150px\" \/><br> <strong>Nguy\u1ec5n Th\u1ecb Th\u00e0<br><\/strong><em>Y s\u1ef9 \u0111a khoa<\/em><\/td><td class=\"has-text-align-center\" data-align=\"center\"><img loading=\"lazy\" decoding=\"async\" width=\"150\" height=\"225\" class=\"wp-image-7419\" style=\"width: 150px;\" src=\"\/web\/wp-content\/uploads\/2024\/03\/nguyen-thi-yen.jpg\" alt=\"\" srcset=\"\/web\/wp-content\/uploads\/2024\/03\/nguyen-thi-yen.jpg 787w, \/web\/wp-content\/uploads\/2024\/03\/nguyen-thi-yen-200x300.jpg 200w, \/web\/wp-content\/uploads\/2024\/03\/nguyen-thi-yen-682x1024.jpg 682w, \/web\/wp-content\/uploads\/2024\/03\/nguyen-thi-yen-768x1152.jpg 768w\" sizes=\"(max-width: 150px) 100vw, 150px\" \/><br><strong>Nguy\u1ec5n Th\u1ecb Y\u1ebfn<\/strong><br><em>B\u00e1c s\u1ef9 \u0111a khoa<\/em><\/td><td class=\"has-text-align-center\" data-align=\"center\"><img loading=\"lazy\" decoding=\"async\" width=\"150\" height=\"225\" class=\"wp-image-3346\" style=\"width: 150px;\" src=\"\/web\/wp-content\/uploads\/2020\/10\/Ho\u00e0ng-Th\u1ecb-Nh\u00e2m-045047740.jpg\" alt=\"\" srcset=\"\/web\/wp-content\/uploads\/2020\/10\/Ho\u00e0ng-Th\u1ecb-Nh\u00e2m-045047740.jpg 787w, \/web\/wp-content\/uploads\/2020\/10\/Ho\u00e0ng-Th\u1ecb-Nh\u00e2m-045047740-200x300.jpg 200w, \/web\/wp-content\/uploads\/2020\/10\/Ho\u00e0ng-Th\u1ecb-Nh\u00e2m-045047740-682x1024.jpg 682w, \/web\/wp-content\/uploads\/2020\/10\/Ho\u00e0ng-Th\u1ecb-Nh\u00e2m-045047740-768x1152.jpg 768w\" sizes=\"(max-width: 150px) 100vw, 150px\" \/><br><strong>Ho\u00e0ng Th\u1ecb Nh\u00e2m<\/strong><br><em>Y s\u1ef9 \u0111a khoa<\/em><\/td><\/tr><\/tbody><\/table><\/figure>\n","protected":false},"excerpt":{"rendered":"<div class=\"mh-excerpt\"><p>Tr\u1ea1m Y t\u1ebf x\u00e3 Hua N\u00e0 \u0111\u01b0\u1ee3c x\u00e2y d\u1ef1ng t\u1ea1i b\u1ea3n Hua N\u00e0, x\u00e3 Hua N\u00e0, huy\u1ec7n Than Uy\u00ean, t\u1ec9nh Lai Ch\u00e2u. Tr\u1ea1m c\u00f3 3 <a class=\"mh-excerpt-more\" href=\"\/web\/hua-na\/\" title=\"Tr\u1ea1m Y t\u1ebf x\u00e3 Hua N\u00e0\">[&#8230;]<\/a><\/p>\n<\/div>","protected":false},"author":1,"featured_media":0,"parent":0,"menu_order":0,"comment_status":"closed","ping_status":"closed","template":"","meta":{"footnotes":""},"_links":{"self":[{"href":"\/web\/wp-json\/wp\/v2\/pages\/3086"}],"collection":[{"href":"\/web\/wp-json\/wp\/v2\/pages"}],"about":[{"href":"\/web\/wp-json\/wp\/v2\/types\/page"}],"author":[{"embeddable":true,"href":"\/web\/wp-json\/wp\/v2\/users\/1"}],"replies":[{"embeddable":true,"href":"\/web\/wp-json\/wp\/v2\/comments?post=3086"}],"version-history":[{"count":9,"href":"\/web\/wp-json\/wp\/v2\/pages\/3086\/revisions"}],"predecessor-version":[{"id":7420,"href":"\/web\/wp-json\/wp\/v2\/pages\/3086\/revisions\/7420"}],"wp:attachment":[{"href":"\/web\/wp-json\/wp\/v2\/media?parent=3086"}],"curies":[{"name":"wp","href":"https:\/\/api.w.org\/{rel}","templated":true}]}}