{"id":3096,"date":"2020-09-17T08:59:28","date_gmt":"2020-09-17T01:59:28","guid":{"rendered":"\/web\/?page_id=3096"},"modified":"2025-07-26T10:20:05","modified_gmt":"2025-07-26T03:20:05","slug":"muong-kim","status":"publish","type":"page","link":"\/web\/muong-kim\/","title":{"rendered":"Tr\u1ea1m Y t\u1ebf x\u00e3 M\u01b0\u1eddng Kim"},"content":{"rendered":"\n<p>Tr\u1ea1m Y t\u1ebf x\u00e3 M\u01b0\u1eddng Kim \u0111\u01b0\u1ee3c x\u00e2y d\u1ef1ng t\u1ea1i N\u00e0 Kh\u01b0\u01a1ng M\u01b0\u1eddng Kim, huy\u1ec7n Than Uy\u00ean, t\u1ec9nh Lai Ch\u00e2u. Tr\u1ea1m m\u1edbi \u0111\u01b0\u1ee3c ti\u1ebfp nh\u1eadn c\u01a1 s\u1edf c\u1ee7a ph\u00f2ng kh\u00e1m \u0111a khoa khu v\u1ef1c M\u01b0\u1eddng kim c\u0169, c\u00f3 01 d\u1eaby nh\u00e0 03 t\u1ea7ng g\u1ed3m 15 ph\u00f2ng l\u00e0m vi\u1ec7c \u0111\u1ea3m b\u1ea3o ti\u00eau chu\u1ea9n ti\u00eau ch\u00ed qu\u1ed1c gia v\u1ec1 y t\u1ebf x\u00e3, c\u00f3 08 bi\u00ean ch\u1ebf trong \u0111\u00f3 01 B s\u1ef9, 04 y s\u1ef9, 01 NHS, 01 d\u01b0\u1ee3c s\u1ef9 v\u00e0 01 v\u00ean ch\u1ee9c d\u00e2n s\u1ed1, 19 y t\u1ebf th\u00f4n b\u1ea3n. Tr\u1ea1m Y t\u1ebf lu\u00f4n tri\u1ec3n khai th\u1ef1c hi\u1ec7n t\u1ed1t ch\u1ee9c n\u0103ng, nhi\u1ec7m v\u1ee5 c\u1ee7a Tr\u1ea1m y t\u1ebf theo quy \u0111\u1ecbnh c\u1ee7a B\u1ed9 Y t\u1ebf. Trong nh\u1eefng n\u0103m qua, Tr\u1ea1m Y t\u1ebf lu\u00f4n ho\u00e0n th\u00e0nh t\u1ed1t nhi\u1ec7m v\u1ee5 ch\u0103m s\u00f3c s\u1ee9c kho\u1ebb ban \u0111\u1ea7u nh\u00e2n d\u00e2n tr\u00ean \u0111\u1ecba b\u00e0n. \u0110\u01b0\u1ee3c c\u00f4ng nh\u1eadn \u0111\u1ea1t ti\u00eau ch\u00ed qu\u1ed1c gia v\u1ec1 y t\u1ebf x\u00e3 n\u0103m 2013, \u0111\u01b0\u1ee3c c\u00f4ng nh\u1eadn l\u1ea1i n\u0103m 2016, 2019. Hi\u1ec7n duy tr\u00ec t\u1ed1t c\u00e1c ti\u00eau ch\u00ed chu\u1ea9n. \u0110\u1ec1 ngh\u1ecb c\u00f4ng nh\u1eadn l\u1ea1i chu\u1ea9n n\u0103m 2022.<\/p>\n\n\n\n<figure class=\"wp-block-table\"><table class=\"has-fixed-layout\"><tbody><tr><td><\/td><td class=\"has-text-align-center\" data-align=\"center\"><img loading=\"lazy\" decoding=\"async\" width=\"150\" height=\"225\" class=\"wp-image-3409\" style=\"width: 150px;\" src=\"\/web\/wp-content\/uploads\/2017\/09\/\u0110\u1ed7-M\u1ea1nh-H\u00f9ng.jpg\" alt=\"\" srcset=\"\/web\/wp-content\/uploads\/2017\/09\/\u0110\u1ed7-M\u1ea1nh-H\u00f9ng.jpg 472w, \/web\/wp-content\/uploads\/2017\/09\/\u0110\u1ed7-M\u1ea1nh-H\u00f9ng-200x300.jpg 200w\" sizes=\"(max-width: 150px) 100vw, 150px\" \/><br><strong>\u0110\u1ed7 M\u1ea1nh H\u00f9ng<\/strong><br><em>B\u00e1c s\u1ef9 CKI<\/em><br><strong><em>Tr\u01b0\u1edfng tr\u1ea1m<\/em><\/strong><\/td><td class=\"has-text-align-center\" data-align=\"center\"><img loading=\"lazy\" decoding=\"async\" width=\"150\" height=\"225\" class=\"wp-image-3362\" style=\"width: 150px;\" src=\"\/web\/wp-content\/uploads\/2020\/10\/Ma-Th\u1ecb-H\u01b0ng-045184679.jpg\" alt=\"\" srcset=\"\/web\/wp-content\/uploads\/2020\/10\/Ma-Th\u1ecb-H\u01b0ng-045184679.jpg 787w, \/web\/wp-content\/uploads\/2020\/10\/Ma-Th\u1ecb-H\u01b0ng-045184679-200x300.jpg 200w, \/web\/wp-content\/uploads\/2020\/10\/Ma-Th\u1ecb-H\u01b0ng-045184679-682x1024.jpg 682w, \/web\/wp-content\/uploads\/2020\/10\/Ma-Th\u1ecb-H\u01b0ng-045184679-768x1152.jpg 768w\" sizes=\"(max-width: 150px) 100vw, 150px\" \/><br><strong>Ma Th\u1ecb H\u01b0ng<\/strong><br> <em>Y s\u1ef9 \u0111a khoa<br><strong>Ph\u00f3 tr\u1ea1m<\/strong><\/em> <\/td><td><\/td><\/tr><\/tbody><\/table><\/figure>\n\n\n\n<figure class=\"wp-block-table\"><table><tbody><tr><td class=\"has-text-align-center\" data-align=\"center\"><strong>T\u00f2ng V\u0103n T\u1ec9nh<\/strong><br><em>B\u00e1c s\u1ef9 \u0111a khoa<\/em><\/td><td class=\"has-text-align-center\" data-align=\"center\"><img loading=\"lazy\" decoding=\"async\" width=\"150\" height=\"225\" class=\"wp-image-3336\" style=\"width: 150px;\" src=\"\/web\/wp-content\/uploads\/2020\/10\/L\u00ecm-V\u0103n-Ch\u01b0\u1ee3ng-045016720.jpg\" alt=\"\" srcset=\"\/web\/wp-content\/uploads\/2020\/10\/L\u00ecm-V\u0103n-Ch\u01b0\u1ee3ng-045016720.jpg 787w, \/web\/wp-content\/uploads\/2020\/10\/L\u00ecm-V\u0103n-Ch\u01b0\u1ee3ng-045016720-200x300.jpg 200w, \/web\/wp-content\/uploads\/2020\/10\/L\u00ecm-V\u0103n-Ch\u01b0\u1ee3ng-045016720-682x1024.jpg 682w, \/web\/wp-content\/uploads\/2020\/10\/L\u00ecm-V\u0103n-Ch\u01b0\u1ee3ng-045016720-768x1152.jpg 768w\" sizes=\"(max-width: 150px) 100vw, 150px\" \/><br><strong>L\u00ecm V\u0103n Ch\u01b0\u1ee3ng<\/strong><br><em>Y t\u1ebf c\u00f4ng c\u1ed9ng<\/em><\/td><td class=\"has-text-align-center\" data-align=\"center\"><img loading=\"lazy\" decoding=\"async\" width=\"150\" height=\"225\" class=\"wp-image-3367\" style=\"width: 150px;\" src=\"\/web\/wp-content\/uploads\/2020\/10\/\u0110\u1ed3ng-Th\u1ecb-Ng\u00e2n-045006396.jpg\" alt=\"\" srcset=\"\/web\/wp-content\/uploads\/2020\/10\/\u0110\u1ed3ng-Th\u1ecb-Ng\u00e2n-045006396.jpg 787w, \/web\/wp-content\/uploads\/2020\/10\/\u0110\u1ed3ng-Th\u1ecb-Ng\u00e2n-045006396-200x300.jpg 200w, \/web\/wp-content\/uploads\/2020\/10\/\u0110\u1ed3ng-Th\u1ecb-Ng\u00e2n-045006396-682x1024.jpg 682w, \/web\/wp-content\/uploads\/2020\/10\/\u0110\u1ed3ng-Th\u1ecb-Ng\u00e2n-045006396-768x1152.jpg 768w\" sizes=\"(max-width: 150px) 100vw, 150px\" \/><br><strong>\u0110\u1ed3ng Th\u1ecb Ng\u00e2n<\/strong><br><em>Y s\u1ef9<\/em><\/td><\/tr><tr><td class=\"has-text-align-center\" data-align=\"center\"><img loading=\"lazy\" decoding=\"async\" width=\"150\" height=\"225\" class=\"wp-image-3680\" style=\"width: 150px;\" src=\"\/web\/wp-content\/uploads\/2017\/09\/Ph\u00f9ng-Th\u1ecb-Thu-H\u1eb1ng-131578874.jpg\" alt=\"\" srcset=\"\/web\/wp-content\/uploads\/2017\/09\/Ph\u00f9ng-Th\u1ecb-Thu-H\u1eb1ng-131578874.jpg 787w, \/web\/wp-content\/uploads\/2017\/09\/Ph\u00f9ng-Th\u1ecb-Thu-H\u1eb1ng-131578874-200x300.jpg 200w, \/web\/wp-content\/uploads\/2017\/09\/Ph\u00f9ng-Th\u1ecb-Thu-H\u1eb1ng-131578874-682x1024.jpg 682w, \/web\/wp-content\/uploads\/2017\/09\/Ph\u00f9ng-Th\u1ecb-Thu-H\u1eb1ng-131578874-768x1152.jpg 768w\" sizes=\"(max-width: 150px) 100vw, 150px\" \/><br><strong>Ph\u00f9ng Th\u1ecb Thu H\u1eb1ng<\/strong><br><em>H\u1ed9 sinh<\/em><\/td><td class=\"has-text-align-center\" data-align=\"center\"><strong><img loading=\"lazy\" decoding=\"async\" width=\"150\" height=\"225\" class=\"wp-image-3370\" style=\"width: 150px;\" src=\"\/web\/wp-content\/uploads\/2020\/10\/T\u00f2ng-Th\u1ecb-Vinh-045060207.jpg\" alt=\"\" srcset=\"\/web\/wp-content\/uploads\/2020\/10\/T\u00f2ng-Th\u1ecb-Vinh-045060207.jpg 787w, \/web\/wp-content\/uploads\/2020\/10\/T\u00f2ng-Th\u1ecb-Vinh-045060207-200x300.jpg 200w, \/web\/wp-content\/uploads\/2020\/10\/T\u00f2ng-Th\u1ecb-Vinh-045060207-682x1024.jpg 682w, \/web\/wp-content\/uploads\/2020\/10\/T\u00f2ng-Th\u1ecb-Vinh-045060207-768x1152.jpg 768w\" sizes=\"(max-width: 150px) 100vw, 150px\" \/><br>T\u00f2ng Th\u1ecb Vinh<\/strong><br><em>Lu\u1eadt kinh t\u1ebf<\/em><\/td><td class=\"has-text-align-center\" data-align=\"center\"><img loading=\"lazy\" decoding=\"async\" width=\"150\" height=\"225\" class=\"wp-image-3365\" style=\"width: 150px;\" src=\"\/web\/wp-content\/uploads\/2020\/10\/T\u00f2ng-Th\u1ecb-Lan-045063201.jpg\" alt=\"\" srcset=\"\/web\/wp-content\/uploads\/2020\/10\/T\u00f2ng-Th\u1ecb-Lan-045063201.jpg 787w, \/web\/wp-content\/uploads\/2020\/10\/T\u00f2ng-Th\u1ecb-Lan-045063201-200x300.jpg 200w, \/web\/wp-content\/uploads\/2020\/10\/T\u00f2ng-Th\u1ecb-Lan-045063201-682x1024.jpg 682w, \/web\/wp-content\/uploads\/2020\/10\/T\u00f2ng-Th\u1ecb-Lan-045063201-768x1152.jpg 768w\" sizes=\"(max-width: 150px) 100vw, 150px\" \/><br><strong>T\u00f2ng Th\u1ecb Lan<\/strong><br><em>D\u01b0\u1ee3c s\u1ef9<\/em><\/td><\/tr><tr><td class=\"has-text-align-center\" data-align=\"center\"><img loading=\"lazy\" decoding=\"async\" width=\"150\" height=\"225\" class=\"wp-image-3377\" style=\"width: 150px;\" src=\"\/web\/wp-content\/uploads\/2020\/10\/H\u00e0-Th\u1ecb-H\u01b0\u1edfng-045024608.jpg\" alt=\"\" srcset=\"\/web\/wp-content\/uploads\/2020\/10\/H\u00e0-Th\u1ecb-H\u01b0\u1edfng-045024608.jpg 787w, \/web\/wp-content\/uploads\/2020\/10\/H\u00e0-Th\u1ecb-H\u01b0\u1edfng-045024608-200x300.jpg 200w, \/web\/wp-content\/uploads\/2020\/10\/H\u00e0-Th\u1ecb-H\u01b0\u1edfng-045024608-682x1024.jpg 682w, \/web\/wp-content\/uploads\/2020\/10\/H\u00e0-Th\u1ecb-H\u01b0\u1edfng-045024608-768x1152.jpg 768w\" sizes=\"(max-width: 150px) 100vw, 150px\" \/><strong><br>H\u00e0 Th\u1ecb H\u01b0\u1edfng<\/strong><br><em>Y s\u1ef9<\/em><\/td><td class=\"has-text-align-center\" data-align=\"center\"><img loading=\"lazy\" decoding=\"async\" width=\"150\" height=\"225\" class=\"wp-image-3404\" style=\"width: 150px;\" src=\"\/web\/wp-content\/uploads\/2020\/10\/T\u00f2ng-V\u0103n-D\u01b0\u01a1ng-045014470.jpg\" alt=\"\" srcset=\"\/web\/wp-content\/uploads\/2020\/10\/T\u00f2ng-V\u0103n-D\u01b0\u01a1ng-045014470.jpg 787w, \/web\/wp-content\/uploads\/2020\/10\/T\u00f2ng-V\u0103n-D\u01b0\u01a1ng-045014470-200x300.jpg 200w, \/web\/wp-content\/uploads\/2020\/10\/T\u00f2ng-V\u0103n-D\u01b0\u01a1ng-045014470-682x1024.jpg 682w, \/web\/wp-content\/uploads\/2020\/10\/T\u00f2ng-V\u0103n-D\u01b0\u01a1ng-045014470-768x1152.jpg 768w\" sizes=\"(max-width: 150px) 100vw, 150px\" \/><br><strong>T\u00f2ng V\u0103n D\u01b0\u01a1ng<\/strong><br><em>Y s\u1ef9<\/em><\/td><td class=\"has-text-align-center\" data-align=\"center\"><img loading=\"lazy\" decoding=\"async\" width=\"150\" height=\"225\" class=\"wp-image-3315\" style=\"width: 150px;\" src=\"\/web\/wp-content\/uploads\/2020\/10\/N\u00f9ng-V\u0103n-C\u01b0\u1eddng-045106262.jpg\" alt=\"\" srcset=\"\/web\/wp-content\/uploads\/2020\/10\/N\u00f9ng-V\u0103n-C\u01b0\u1eddng-045106262.jpg 787w, \/web\/wp-content\/uploads\/2020\/10\/N\u00f9ng-V\u0103n-C\u01b0\u1eddng-045106262-200x300.jpg 200w, \/web\/wp-content\/uploads\/2020\/10\/N\u00f9ng-V\u0103n-C\u01b0\u1eddng-045106262-682x1024.jpg 682w, \/web\/wp-content\/uploads\/2020\/10\/N\u00f9ng-V\u0103n-C\u01b0\u1eddng-045106262-768x1152.jpg 768w\" sizes=\"(max-width: 150px) 100vw, 150px\" \/><br><strong>N\u00f9ng V\u0103n C\u01b0\u1eddng<\/strong><br><em>Y s\u1ef9<\/em><\/td><\/tr><tr><td class=\"has-text-align-center\" data-align=\"center\"><img loading=\"lazy\" decoding=\"async\" width=\"150\" height=\"225\" class=\"wp-image-3339\" style=\"width: 150px;\" src=\"\/web\/wp-content\/uploads\/2020\/10\/V\u0169-Th\u1ecb-Kim-Loan-131398269.jpg\" alt=\"\" srcset=\"\/web\/wp-content\/uploads\/2020\/10\/V\u0169-Th\u1ecb-Kim-Loan-131398269.jpg 787w, \/web\/wp-content\/uploads\/2020\/10\/V\u0169-Th\u1ecb-Kim-Loan-131398269-200x300.jpg 200w, \/web\/wp-content\/uploads\/2020\/10\/V\u0169-Th\u1ecb-Kim-Loan-131398269-682x1024.jpg 682w, \/web\/wp-content\/uploads\/2020\/10\/V\u0169-Th\u1ecb-Kim-Loan-131398269-768x1152.jpg 768w\" sizes=\"(max-width: 150px) 100vw, 150px\" \/><br><strong>V\u0169 Th\u1ecb Kim Loan<\/strong><br><em>Y s\u1ef9<\/em><\/td><td class=\"has-text-align-center\" data-align=\"center\"><img loading=\"lazy\" decoding=\"async\" width=\"150\" height=\"225\" class=\"wp-image-3402\" style=\"width: 150px;\" src=\"\/web\/wp-content\/uploads\/2020\/10\/T\u00f2ng-V\u0103n-Long-045014233.jpg\" alt=\"\" srcset=\"\/web\/wp-content\/uploads\/2020\/10\/T\u00f2ng-V\u0103n-Long-045014233.jpg 787w, \/web\/wp-content\/uploads\/2020\/10\/T\u00f2ng-V\u0103n-Long-045014233-200x300.jpg 200w, \/web\/wp-content\/uploads\/2020\/10\/T\u00f2ng-V\u0103n-Long-045014233-682x1024.jpg 682w, \/web\/wp-content\/uploads\/2020\/10\/T\u00f2ng-V\u0103n-Long-045014233-768x1152.jpg 768w\" sizes=\"(max-width: 150px) 100vw, 150px\" \/><br><strong>T\u00f2ng V\u0103n Long<\/strong><br><em>Lu\u1eadt Kinh t\u1ebf<\/em><\/td><td class=\"has-text-align-center\" data-align=\"center\"><img loading=\"lazy\" decoding=\"async\" width=\"150\" height=\"225\" class=\"wp-image-3397\" style=\"width: 150px;\" src=\"\/web\/wp-content\/uploads\/2020\/10\/l\u00f2-v\u0103n-ch\u00e1nh-045099281.jpg\" alt=\"\" srcset=\"\/web\/wp-content\/uploads\/2020\/10\/l\u00f2-v\u0103n-ch\u00e1nh-045099281.jpg 236w, \/web\/wp-content\/uploads\/2020\/10\/l\u00f2-v\u0103n-ch\u00e1nh-045099281-200x300.jpg 200w\" sizes=\"(max-width: 150px) 100vw, 150px\" \/><br><strong>L\u00f2 V\u0103n Ch\u00e1nh<\/strong><br><em>N\u00f4ng nghi\u1ec7p TH<\/em><\/td><\/tr><\/tbody><\/table><\/figure>\n","protected":false},"excerpt":{"rendered":"<div class=\"mh-excerpt\"><p>Tr\u1ea1m Y t\u1ebf x\u00e3 M\u01b0\u1eddng Kim \u0111\u01b0\u1ee3c x\u00e2y d\u1ef1ng t\u1ea1i N\u00e0 Kh\u01b0\u01a1ng M\u01b0\u1eddng Kim, huy\u1ec7n Than Uy\u00ean, t\u1ec9nh Lai Ch\u00e2u. Tr\u1ea1m m\u1edbi \u0111\u01b0\u1ee3c ti\u1ebfp nh\u1eadn <a class=\"mh-excerpt-more\" href=\"\/web\/muong-kim\/\" title=\"Tr\u1ea1m Y t\u1ebf x\u00e3 M\u01b0\u1eddng Kim\">[&#8230;]<\/a><\/p>\n<\/div>","protected":false},"author":1,"featured_media":0,"parent":0,"menu_order":0,"comment_status":"closed","ping_status":"closed","template":"","meta":{"footnotes":""},"_links":{"self":[{"href":"\/web\/wp-json\/wp\/v2\/pages\/3096"}],"collection":[{"href":"\/web\/wp-json\/wp\/v2\/pages"}],"about":[{"href":"\/web\/wp-json\/wp\/v2\/types\/page"}],"author":[{"embeddable":true,"href":"\/web\/wp-json\/wp\/v2\/users\/1"}],"replies":[{"embeddable":true,"href":"\/web\/wp-json\/wp\/v2\/comments?post=3096"}],"version-history":[{"count":19,"href":"\/web\/wp-json\/wp\/v2\/pages\/3096\/revisions"}],"predecessor-version":[{"id":10090,"href":"\/web\/wp-json\/wp\/v2\/pages\/3096\/revisions\/10090"}],"wp:attachment":[{"href":"\/web\/wp-json\/wp\/v2\/media?parent=3096"}],"curies":[{"name":"wp","href":"https:\/\/api.w.org\/{rel}","templated":true}]}}