{"id":3116,"date":"2020-09-17T09:00:45","date_gmt":"2020-09-17T02:00:45","guid":{"rendered":"\/web\/?page_id=3116"},"modified":"2024-06-19T09:56:35","modified_gmt":"2024-06-19T02:56:35","slug":"pha-mu","status":"publish","type":"page","link":"\/web\/pha-mu\/","title":{"rendered":"Tr\u1ea1m Y t\u1ebf x\u00e3 Pha Mu"},"content":{"rendered":"\n<p>Tr\u1ea1m Y t\u1ebf x\u00e3 Pha Mu \u0111\u01b0\u1ee3c x\u00e2y d\u1ef1ng t\u1ea1i B\u1ea3n Pu Cay, x\u00e3 Pha Mu, huy\u1ec7n Than Uy\u00ean, t\u1ec9nh Lai Ch\u00e2u. Tr\u1ea1m Y t\u1ebf x\u00e3 c\u00f3 02 d\u1eaby nh\u00e0, g\u1ed3m 10 ph\u00f2ng \u0111\u1ea3m b\u1ea3o ti\u00eau chu\u1ea9n ti\u00eau ch\u00ed qu\u1ed1c gia v\u1ec1 y t\u1ebf x\u00e3; tr\u1ea1m c\u00f3 06 bi\u00ean ch\u1ebf, trong \u0111\u00f3 02 y s\u1ef9 \u0111a khoa, 01 \u0111i\u1ec1u d\u01b0\u1ee1ng, 01 n\u1eef h\u1ed9 sinh, 01 d\u01b0\u1ee3c, 01 vi\u00ean ch\u1ee9c d\u00e2n s\u1ed1; c\u00f3 05 y t\u1ebf th\u00f4n b\u1ea3n. Tr\u1ea1m Y t\u1ebf lu\u00f4n tri\u1ec3n khai th\u1ef1c hi\u1ec7n t\u1ed1t ch\u1ee9c n\u0103ng, nhi\u1ec7m v\u1ee5 c\u1ee7a Tr\u1ea1m y t\u1ebf theo quy \u0111\u1ecbnh c\u1ee7a B\u1ed9 Y t\u1ebf. Trong nh\u1eefng n\u0103m qua, Tr\u1ea1m Y t\u1ebf lu\u00f4n ho\u00e0n th\u00e0nh t\u1ed1t nhi\u1ec7m v\u1ee5 ch\u0103m s\u00f3c s\u1ee9c kho\u1ebb ban \u0111\u1ea7u nh\u00e2n d\u00e2n tr\u00ean \u0111\u1ecba b\u00e0n. \u0110\u01b0\u1ee3c c\u00f4ng nh\u1eadn \u0111\u1ea1t ti\u00eau ch\u00ed qu\u1ed1c gia v\u1ec1 y t\u1ebf x\u00e3 n\u0103m 2017, \u0111\u01b0\u1ee3c c\u00f4ng nh\u1eadn l\u1ea1i n\u0103m 2020. Hi\u1ec7n duy tr\u00ec t\u1ed1t c\u00e1c ti\u00eau ch\u00ed chu\u1ea9n. \u0110\u1ec1 ngh\u1ecb c\u00f4ng nh\u1eadn l\u1ea1i n\u0103m 2023.<\/p>\n\n\n\n<figure class=\"wp-block-table\"><table><tbody><tr><td class=\"has-text-align-center\" data-align=\"center\"><img loading=\"lazy\" decoding=\"async\" width=\"131\" height=\"184\" class=\"wp-image-7033\" style=\"width: 131px;\" src=\"\/web\/wp-content\/uploads\/2024\/02\/lo-van-tuan.jpg\" alt=\"\"><br><strong>L\u00f2 V\u0103n Tu\u1ea5n<\/strong><br><em>Y s\u1ef9 \u0111a khoa<\/em><br><em><strong>Ph\u00f3 tr\u1ea1m<\/strong><\/em><\/td><\/tr><\/tbody><\/table><\/figure>\n\n\n\n<style>\n    .wp-block-table img {\n        width: 150px; \/* Thi\u1ebft l\u1eadp k\u00edch th\u01b0\u1edbc c\u1ed1 \u0111\u1ecbnh cho c\u00e1c h\u00ecnh \u1ea3nh *\/\n        height: 200px; \/* Thi\u1ebft l\u1eadp chi\u1ec1u cao c\u1ed1 \u0111\u1ecbnh n\u1ebfu c\u1ea7n *\/\n        object-fit: cover; \/* \u0110\u1ea3m b\u1ea3o h\u00ecnh \u1ea3nh kh\u00f4ng b\u1ecb bi\u1ebfn \u0111\u1ed5i *\/\n        object-position: center top; \/* \u0110\u1eb7t v\u1ecb tr\u00ed c\u1eaft \u1ea3nh \u1edf gi\u1eefa ngang v\u00e0 d\u01b0\u1edbi *\/\n    }\n<\/style>\n<figure class=\"wp-block-table\"><table><tbody><tr><td class=\"has-text-align-center\" data-align=\"center\"><img loading=\"lazy\" decoding=\"async\" width=\"150\" height=\"225\" class=\"wp-image-3397\" style=\"width: 150px;\" src=\"\/web\/wp-content\/uploads\/2020\/10\/l\u00f2-v\u0103n-ch\u00e1nh-045099281.jpg\" alt=\"\" srcset=\"\/web\/wp-content\/uploads\/2020\/10\/l\u00f2-v\u0103n-ch\u00e1nh-045099281.jpg 236w, \/web\/wp-content\/uploads\/2020\/10\/l\u00f2-v\u0103n-ch\u00e1nh-045099281-200x300.jpg 200w\" sizes=\"(max-width: 150px) 100vw, 150px\" \/><br><strong>L\u00f2 V\u0103n Ch\u00e1nh<\/strong><br><em>N\u00f4ng nghi\u1ec7p t\u1ed5ng h\u1ee3p<\/em><\/td><td class=\"has-text-align-center\" data-align=\"center\"><img loading=\"lazy\" decoding=\"async\" width=\"150\" height=\"225\" class=\"wp-image-3395\" style=\"width: 150px;\" src=\"\/web\/wp-content\/uploads\/2020\/10\/b\u1ea1c-th\u1ecb-di\u1ec7p-045250651.jpg\" alt=\"\" srcset=\"\/web\/wp-content\/uploads\/2020\/10\/b\u1ea1c-th\u1ecb-di\u1ec7p-045250651.jpg 787w, \/web\/wp-content\/uploads\/2020\/10\/b\u1ea1c-th\u1ecb-di\u1ec7p-045250651-200x300.jpg 200w, \/web\/wp-content\/uploads\/2020\/10\/b\u1ea1c-th\u1ecb-di\u1ec7p-045250651-682x1024.jpg 682w, \/web\/wp-content\/uploads\/2020\/10\/b\u1ea1c-th\u1ecb-di\u1ec7p-045250651-768x1152.jpg 768w\" sizes=\"(max-width: 150px) 100vw, 150px\" \/><br><strong>B\u1ea1c Th\u1ecb Di\u1ec7p<\/strong><br><em>N\u1eef h\u1ed9 sinh<\/em><\/td><td class=\"has-text-align-center\" data-align=\"center\"><img loading=\"lazy\" decoding=\"async\" width=\"150\" height=\"225\" class=\"wp-image-3396\" style=\"width: 150px;\" src=\"\/web\/wp-content\/uploads\/2020\/10\/l\u00f2-v\u0103n-Cha\u01b0-050602146-.jpg\" alt=\"\" srcset=\"\/web\/wp-content\/uploads\/2020\/10\/l\u00f2-v\u0103n-Cha\u01b0-050602146-.jpg 236w, \/web\/wp-content\/uploads\/2020\/10\/l\u00f2-v\u0103n-Cha\u01b0-050602146--200x300.jpg 200w\" sizes=\"(max-width: 150px) 100vw, 150px\" \/><br><strong>L\u00f2 V\u0103n Cha\u01b0<\/strong><br><em>\u0110i\u1ec1u d\u01b0\u1ee1ng <\/em><\/td><\/tr><\/tbody><\/table><\/figure>\n\n\n\n<figure class=\"wp-block-table\"><table><tbody><tr><td class=\"has-text-align-center\" data-align=\"center\"><img loading=\"lazy\" decoding=\"async\" width=\"150\" height=\"225\" class=\"wp-image-3813\" style=\"width: 150px;\" src=\"\/web\/wp-content\/uploads\/2020\/11\/l\u00f2-v\u0103n-may-045019865.jpg\" alt=\"\" srcset=\"\/web\/wp-content\/uploads\/2020\/11\/l\u00f2-v\u0103n-may-045019865.jpg 236w, \/web\/wp-content\/uploads\/2020\/11\/l\u00f2-v\u0103n-may-045019865-200x300.jpg 200w\" sizes=\"(max-width: 150px) 100vw, 150px\" \/><br>    <strong>L\u00f2 V\u0103n May<\/strong><br>    <em>Y s\u1ef9 \u0111a khoa<\/em><\/td><td class=\"has-text-align-center\" data-align=\"center\"><img loading=\"lazy\" decoding=\"async\" width=\"150\" height=\"209\" class=\"wp-image-7437\" style=\"width: 150px;\" src=\"\/web\/wp-content\/uploads\/2024\/03\/ha-thi-doi-e1709801052571.jpg\" alt=\"\" srcset=\"\/web\/wp-content\/uploads\/2024\/03\/ha-thi-doi-e1709801052571.jpg 220w, \/web\/wp-content\/uploads\/2024\/03\/ha-thi-doi-e1709801052571-215x300.jpg 215w\" sizes=\"(max-width: 150px) 100vw, 150px\" \/><br><strong>H\u00e0 th\u1ecb \u0110\u00f4i<\/strong><br><em>D\u01b0\u1ee3c s\u1ef9<\/em><br><\/td><td><\/td><\/tr><\/tbody><\/table><\/figure>\n","protected":false},"excerpt":{"rendered":"<div class=\"mh-excerpt\"><p>Tr\u1ea1m Y t\u1ebf x\u00e3 Pha Mu \u0111\u01b0\u1ee3c x\u00e2y d\u1ef1ng t\u1ea1i B\u1ea3n Pu Cay, x\u00e3 Pha Mu, huy\u1ec7n Than Uy\u00ean, t\u1ec9nh Lai Ch\u00e2u. Tr\u1ea1m Y t\u1ebf <a class=\"mh-excerpt-more\" href=\"\/web\/pha-mu\/\" title=\"Tr\u1ea1m Y t\u1ebf x\u00e3 Pha Mu\">[&#8230;]<\/a><\/p>\n<\/div>","protected":false},"author":1,"featured_media":0,"parent":0,"menu_order":0,"comment_status":"closed","ping_status":"closed","template":"","meta":{"footnotes":""},"_links":{"self":[{"href":"\/web\/wp-json\/wp\/v2\/pages\/3116"}],"collection":[{"href":"\/web\/wp-json\/wp\/v2\/pages"}],"about":[{"href":"\/web\/wp-json\/wp\/v2\/types\/page"}],"author":[{"embeddable":true,"href":"\/web\/wp-json\/wp\/v2\/users\/1"}],"replies":[{"embeddable":true,"href":"\/web\/wp-json\/wp\/v2\/comments?post=3116"}],"version-history":[{"count":11,"href":"\/web\/wp-json\/wp\/v2\/pages\/3116\/revisions"}],"predecessor-version":[{"id":7998,"href":"\/web\/wp-json\/wp\/v2\/pages\/3116\/revisions\/7998"}],"wp:attachment":[{"href":"\/web\/wp-json\/wp\/v2\/media?parent=3116"}],"curies":[{"name":"wp","href":"https:\/\/api.w.org\/{rel}","templated":true}]}}