{"id":3136,"date":"2020-09-17T09:04:20","date_gmt":"2020-09-17T02:04:20","guid":{"rendered":"\/web\/?page_id=3136"},"modified":"2024-03-07T16:13:53","modified_gmt":"2024-03-07T09:13:53","slug":"muong-mit-2","status":"publish","type":"page","link":"\/web\/muong-mit-2\/","title":{"rendered":"Tr\u1ea1m Y t\u1ebf x\u00e3 M\u01b0\u1eddng M\u00edt"},"content":{"rendered":"\n<p>Tr\u1ea1m Y t\u1ebf x\u00e3 M\u01b0\u1eddng M\u00edt \u0111\u01b0\u1ee3c x\u00e2y d\u1ef1ng t\u1ea1i B\u1ea3n Khoang, x\u00e3 M\u01b0\u1eddng M\u00edt, huy\u1ec7n Than Uy\u00ean, t\u1ec9nh Lai Ch\u00e2u. Tr\u1ea1m c\u00f3 3 d\u1eaby nh\u00e0 10 ph\u00f2ng \u0111\u1ea3m b\u1ea3o ti\u00eau chu\u1ea9n ti\u00eau ch\u00ed qu\u00f3c gia v\u1ec1 y t\u1ebf x\u00e3, c\u00f3 07 bi\u00ean ch\u1ebf trong \u0111\u00f3 01 b\u00e1c s\u1ef9 \u0111a khoa, 02 y s\u1ef9, 01 NHS, 01 d\u01b0\u1ee3c s\u1ef9, 01 \u0110 d v\u00e0 01 v\u00ean ch\u1ee9c d\u00e2n s\u1ed1, 06 y t\u1ebf th\u00f4n b\u1ea3n. Tr\u1ea1m Y t\u1ebf lu\u00f4n tri\u1ec3n khai th\u1ef1c hi\u1ec7n t\u1ed1t ch\u1ee9c n\u0103ng, nhi\u1ec7m v\u1ee5 c\u1ee7a Tr\u1ea1m y t\u1ebf theo quy \u0111\u1ecbnh c\u1ee7a B\u1ed9 Y t\u1ebf. Trong nh\u1eefng n\u0103m qua, Tr\u1ea1m Y t\u1ebf lu\u00f4n ho\u00e0n th\u00e0nh t\u1ed1t nhi\u1ec7m v\u1ee5 ch\u0103m s\u00f3c s\u1ee9c kho\u1ebb ban \u0111\u1ea7u nh\u00e2n d\u00e2n tr\u00ean \u0111\u1ecba b\u00e0n. \u0110\u01b0\u1ee3c c\u00f4ng nh\u1eadn \u0111\u1ea1t ti\u00eau ch\u00ed qu\u1ed1c gia v\u1ec1 y t\u1ebf x\u00e3 n\u0103m 2014, \u0111\u01b0\u1ee3c c\u00f4ng nh\u1eadn l\u1ea1i n\u0103m 2017, 2020. Hi\u1ec7n duy tr\u00ec t\u1ed1t c\u00e1c ti\u00eau ch\u00ed chu\u1ea9n v\u00e0 ti\u1ebfp t\u1ee5c \u0111\u1ec1 ngh\u1ecb c\u00f4ng nh\u1eadn l\u1ea1i v\u00e0o n\u0103m 2023.<\/p>\n\n\n\n<figure class=\"wp-block-table\"><table class=\"has-fixed-layout\"><tbody><tr><td><\/td><td class=\"has-text-align-center\" data-align=\"center\"><img loading=\"lazy\" decoding=\"async\" width=\"150\" height=\"225\" class=\"wp-image-3320\" style=\"width: 150px;\" src=\"\/web\/wp-content\/uploads\/2020\/10\/L\u00f2-V\u0103n-Qu\u00fd-045152509.jpg\" alt=\"\" srcset=\"\/web\/wp-content\/uploads\/2020\/10\/L\u00f2-V\u0103n-Qu\u00fd-045152509.jpg 787w, \/web\/wp-content\/uploads\/2020\/10\/L\u00f2-V\u0103n-Qu\u00fd-045152509-200x300.jpg 200w, \/web\/wp-content\/uploads\/2020\/10\/L\u00f2-V\u0103n-Qu\u00fd-045152509-682x1024.jpg 682w, \/web\/wp-content\/uploads\/2020\/10\/L\u00f2-V\u0103n-Qu\u00fd-045152509-768x1152.jpg 768w\" sizes=\"(max-width: 150px) 100vw, 150px\" \/><br><strong>L\u00f2 V\u0103n Qu\u00fd<\/strong><em><br>Ph\u00f3 tr\u1ea1m<\/em><\/td><td><\/td><\/tr><\/tbody><\/table><\/figure>\n\n\n\n<figure class=\"wp-block-table\"><table><tbody><tr><td class=\"has-text-align-center\" data-align=\"center\"><img loading=\"lazy\" decoding=\"async\" width=\"150\" height=\"225\" class=\"wp-image-3326\" style=\"width: 150px;\" src=\"\/web\/wp-content\/uploads\/2020\/10\/L\u00ea-Th\u1ecb-Thu-H\u01b0\u1eddng-045193811.jpg\" alt=\"\" srcset=\"\/web\/wp-content\/uploads\/2020\/10\/L\u00ea-Th\u1ecb-Thu-H\u01b0\u1eddng-045193811.jpg 787w, \/web\/wp-content\/uploads\/2020\/10\/L\u00ea-Th\u1ecb-Thu-H\u01b0\u1eddng-045193811-200x300.jpg 200w, \/web\/wp-content\/uploads\/2020\/10\/L\u00ea-Th\u1ecb-Thu-H\u01b0\u1eddng-045193811-682x1024.jpg 682w, \/web\/wp-content\/uploads\/2020\/10\/L\u00ea-Th\u1ecb-Thu-H\u01b0\u1eddng-045193811-768x1152.jpg 768w\" sizes=\"(max-width: 150px) 100vw, 150px\" \/><br><strong>L\u00ea Th\u1ecb Thu H\u01b0\u1eddng<br><\/strong><em>D\u01b0\u1ee3c s\u1ef9<\/em><\/td><td class=\"has-text-align-center\" data-align=\"center\"><img loading=\"lazy\" decoding=\"async\" width=\"150\" height=\"225\" class=\"wp-image-3792\" style=\"width: 150px;\" src=\"\/web\/wp-content\/uploads\/2020\/11\/L\u00f2-V\u0103n-Thi-045080966.jpg\" alt=\"\" srcset=\"\/web\/wp-content\/uploads\/2020\/11\/L\u00f2-V\u0103n-Thi-045080966.jpg 787w, \/web\/wp-content\/uploads\/2020\/11\/L\u00f2-V\u0103n-Thi-045080966-200x300.jpg 200w, \/web\/wp-content\/uploads\/2020\/11\/L\u00f2-V\u0103n-Thi-045080966-682x1024.jpg 682w, \/web\/wp-content\/uploads\/2020\/11\/L\u00f2-V\u0103n-Thi-045080966-768x1152.jpg 768w\" sizes=\"(max-width: 150px) 100vw, 150px\" \/><br><strong>L\u00f2 V\u0103n Thi<\/strong><br><em>\u0110i\u1ec1u d\u01b0\u1ee1ng<\/em><\/td><td class=\"has-text-align-center\" data-align=\"center\"><img loading=\"lazy\" decoding=\"async\" width=\"150\" height=\"225\" class=\"wp-image-3325\" style=\"width: 150px;\" src=\"\/web\/wp-content\/uploads\/2020\/10\/L\u00f2-V\u0103n-Th\u01a1n-045048030.jpg\" alt=\"\" srcset=\"\/web\/wp-content\/uploads\/2020\/10\/L\u00f2-V\u0103n-Th\u01a1n-045048030.jpg 787w, \/web\/wp-content\/uploads\/2020\/10\/L\u00f2-V\u0103n-Th\u01a1n-045048030-200x300.jpg 200w, \/web\/wp-content\/uploads\/2020\/10\/L\u00f2-V\u0103n-Th\u01a1n-045048030-682x1024.jpg 682w, \/web\/wp-content\/uploads\/2020\/10\/L\u00f2-V\u0103n-Th\u01a1n-045048030-768x1152.jpg 768w\" sizes=\"(max-width: 150px) 100vw, 150px\" \/><br><strong>L\u00f2 V\u0103n Th\u01a1n<\/strong><br><em>D\u00e2n s\u1ed1<\/em><\/td><\/tr><tr><td class=\"has-text-align-center\" data-align=\"center\"><img loading=\"lazy\" decoding=\"async\" width=\"150\" height=\"225\" class=\"wp-image-3324\" style=\"width: 150px;\" src=\"\/web\/wp-content\/uploads\/2020\/10\/Tr\u01b0\u01a1ng-Th\u1ecb-Th\u1eafm-045111779.jpg\" alt=\"\" srcset=\"\/web\/wp-content\/uploads\/2020\/10\/Tr\u01b0\u01a1ng-Th\u1ecb-Th\u1eafm-045111779.jpg 472w, \/web\/wp-content\/uploads\/2020\/10\/Tr\u01b0\u01a1ng-Th\u1ecb-Th\u1eafm-045111779-200x300.jpg 200w\" sizes=\"(max-width: 150px) 100vw, 150px\" \/><br> <strong>Tr\u01b0\u01a1ng Th\u1ecb Th\u1eafm<\/strong><br><em>N\u1eef h\u1ed9 sinh <\/em><\/td><td class=\"has-text-align-center\" data-align=\"center\"><img loading=\"lazy\" decoding=\"async\" width=\"150\" height=\"225\" class=\"wp-image-3781\" style=\"width: 150px;\" src=\"\/web\/wp-content\/uploads\/2020\/11\/Ho\u00e0ng-V\u0103n-D\u00f4m-045111751.jpg\" alt=\"\" srcset=\"\/web\/wp-content\/uploads\/2020\/11\/Ho\u00e0ng-V\u0103n-D\u00f4m-045111751.jpg 787w, \/web\/wp-content\/uploads\/2020\/11\/Ho\u00e0ng-V\u0103n-D\u00f4m-045111751-200x300.jpg 200w, \/web\/wp-content\/uploads\/2020\/11\/Ho\u00e0ng-V\u0103n-D\u00f4m-045111751-682x1024.jpg 682w, \/web\/wp-content\/uploads\/2020\/11\/Ho\u00e0ng-V\u0103n-D\u00f4m-045111751-768x1152.jpg 768w\" sizes=\"(max-width: 150px) 100vw, 150px\" \/><br><strong>Ho\u00e0ng V\u0103n D\u00f4m<\/strong><br><em>Y s\u1ef9<\/em><\/td><td class=\"has-text-align-center\" data-align=\"center\"><img loading=\"lazy\" decoding=\"async\" width=\"150\" height=\"225\" class=\"wp-image-3495\" style=\"width: 150px;\" src=\"\/web\/wp-content\/uploads\/2017\/09\/Nguy\u1ec5n-V\u0103n-H\u00f2a-045036632.jpg\" alt=\"\" srcset=\"\/web\/wp-content\/uploads\/2017\/09\/Nguy\u1ec5n-V\u0103n-H\u00f2a-045036632.jpg 787w, \/web\/wp-content\/uploads\/2017\/09\/Nguy\u1ec5n-V\u0103n-H\u00f2a-045036632-200x300.jpg 200w, \/web\/wp-content\/uploads\/2017\/09\/Nguy\u1ec5n-V\u0103n-H\u00f2a-045036632-682x1024.jpg 682w, \/web\/wp-content\/uploads\/2017\/09\/Nguy\u1ec5n-V\u0103n-H\u00f2a-045036632-768x1152.jpg 768w\" sizes=\"(max-width: 150px) 100vw, 150px\" \/><br><strong>Nguy\u1ec5n V\u0103n H\u00f2a<\/strong><br><em>Y s\u1ef9<\/em><\/td><\/tr><tr><td class=\"has-text-align-center\" data-align=\"center\"><img loading=\"lazy\" decoding=\"async\" width=\"150\" height=\"203\" class=\"wp-image-7445\" style=\"width: 150px;\" src=\"\/web\/wp-content\/uploads\/2024\/03\/trieu-thi-nay.jpg\" alt=\"\" srcset=\"\/web\/wp-content\/uploads\/2024\/03\/trieu-thi-nay.jpg 803w, \/web\/wp-content\/uploads\/2024\/03\/trieu-thi-nay-222x300.jpg 222w, \/web\/wp-content\/uploads\/2024\/03\/trieu-thi-nay-758x1024.jpg 758w, \/web\/wp-content\/uploads\/2024\/03\/trieu-thi-nay-768x1038.jpg 768w\" sizes=\"(max-width: 150px) 100vw, 150px\" \/><br><strong>Tri\u1ec7u Th\u1ecb N\u00e1y<\/strong><br><em>\u0110i\u1ec1u d\u01b0\u1ee1ng<\/em><\/td><td class=\"has-text-align-center\" data-align=\"center\"><\/td><td class=\"has-text-align-center\" data-align=\"center\"><\/td><\/tr><\/tbody><\/table><\/figure>\n","protected":false},"excerpt":{"rendered":"<div class=\"mh-excerpt\"><p>Tr\u1ea1m Y t\u1ebf x\u00e3 M\u01b0\u1eddng M\u00edt \u0111\u01b0\u1ee3c x\u00e2y d\u1ef1ng t\u1ea1i B\u1ea3n Khoang, x\u00e3 M\u01b0\u1eddng M\u00edt, huy\u1ec7n Than Uy\u00ean, t\u1ec9nh Lai Ch\u00e2u. Tr\u1ea1m c\u00f3 3 d\u1eaby <a class=\"mh-excerpt-more\" href=\"\/web\/muong-mit-2\/\" title=\"Tr\u1ea1m Y t\u1ebf x\u00e3 M\u01b0\u1eddng M\u00edt\">[&#8230;]<\/a><\/p>\n<\/div>","protected":false},"author":1,"featured_media":0,"parent":0,"menu_order":0,"comment_status":"closed","ping_status":"closed","template":"","meta":{"footnotes":""},"_links":{"self":[{"href":"\/web\/wp-json\/wp\/v2\/pages\/3136"}],"collection":[{"href":"\/web\/wp-json\/wp\/v2\/pages"}],"about":[{"href":"\/web\/wp-json\/wp\/v2\/types\/page"}],"author":[{"embeddable":true,"href":"\/web\/wp-json\/wp\/v2\/users\/1"}],"replies":[{"embeddable":true,"href":"\/web\/wp-json\/wp\/v2\/comments?post=3136"}],"version-history":[{"count":10,"href":"\/web\/wp-json\/wp\/v2\/pages\/3136\/revisions"}],"predecessor-version":[{"id":7447,"href":"\/web\/wp-json\/wp\/v2\/pages\/3136\/revisions\/7447"}],"wp:attachment":[{"href":"\/web\/wp-json\/wp\/v2\/media?parent=3136"}],"curies":[{"name":"wp","href":"https:\/\/api.w.org\/{rel}","templated":true}]}}