{"id":3194,"date":"2020-09-17T09:30:42","date_gmt":"2020-09-17T02:30:42","guid":{"rendered":"\/web\/?page_id=3194"},"modified":"2025-10-21T09:37:38","modified_gmt":"2025-10-21T02:37:38","slug":"doan-thanh-nien-2","status":"publish","type":"page","link":"\/web\/doan-thanh-nien-2\/","title":{"rendered":"\u0110o\u00e0n thanh ni\u00ean"},"content":{"rendered":"<div class=\"wp-block-image\">\n<figure class=\"aligncenter size-large is-resized\"><img loading=\"lazy\" decoding=\"async\" width=\"1024\" height=\"768\" src=\"\/web\/wp-content\/uploads\/2025\/10\/z7139092369518_52264d3e813bc4411029094255d9d2ec-1024x768.jpg\" alt=\"\" class=\"wp-image-10549\" style=\"width:569px;height:auto\" srcset=\"\/web\/wp-content\/uploads\/2025\/10\/z7139092369518_52264d3e813bc4411029094255d9d2ec-1024x768.jpg 1024w, \/web\/wp-content\/uploads\/2025\/10\/z7139092369518_52264d3e813bc4411029094255d9d2ec-300x225.jpg 300w, \/web\/wp-content\/uploads\/2025\/10\/z7139092369518_52264d3e813bc4411029094255d9d2ec-768x576.jpg 768w, \/web\/wp-content\/uploads\/2025\/10\/z7139092369518_52264d3e813bc4411029094255d9d2ec-1536x1152.jpg 1536w, \/web\/wp-content\/uploads\/2025\/10\/z7139092369518_52264d3e813bc4411029094255d9d2ec-2048x1536.jpg 2048w, \/web\/wp-content\/uploads\/2025\/10\/z7139092369518_52264d3e813bc4411029094255d9d2ec-678x509.jpg 678w, \/web\/wp-content\/uploads\/2025\/10\/z7139092369518_52264d3e813bc4411029094255d9d2ec-326x245.jpg 326w, \/web\/wp-content\/uploads\/2025\/10\/z7139092369518_52264d3e813bc4411029094255d9d2ec-80x60.jpg 80w\" sizes=\"(max-width: 1024px) 100vw, 1024px\" \/><figcaption class=\"wp-element-caption\"><em>Ban ch\u1ea5p h\u00e0nh \u0110o\u00e0n thanh ni\u00ean kh\u00f3a VIII (Nhi\u1ec7m k\u1ef3 2025-2030)<\/em><\/figcaption><\/figure><\/div>\n\n<div class=\"wp-block-image\">\n<figure class=\"aligncenter size-large is-resized\"><img loading=\"lazy\" decoding=\"async\" width=\"1024\" height=\"757\" src=\"\/web\/wp-content\/uploads\/2025\/10\/z7139093991481_56644c563a26abfdd4562ff3027b1e42-1024x757.jpg\" alt=\"\" class=\"wp-image-10550\" style=\"width:568px;height:auto\" srcset=\"\/web\/wp-content\/uploads\/2025\/10\/z7139093991481_56644c563a26abfdd4562ff3027b1e42-1024x757.jpg 1024w, \/web\/wp-content\/uploads\/2025\/10\/z7139093991481_56644c563a26abfdd4562ff3027b1e42-300x222.jpg 300w, \/web\/wp-content\/uploads\/2025\/10\/z7139093991481_56644c563a26abfdd4562ff3027b1e42-768x568.jpg 768w, \/web\/wp-content\/uploads\/2025\/10\/z7139093991481_56644c563a26abfdd4562ff3027b1e42-1536x1136.jpg 1536w, \/web\/wp-content\/uploads\/2025\/10\/z7139093991481_56644c563a26abfdd4562ff3027b1e42-2048x1514.jpg 2048w, \/web\/wp-content\/uploads\/2025\/10\/z7139093991481_56644c563a26abfdd4562ff3027b1e42-80x60.jpg 80w\" sizes=\"(max-width: 1024px) 100vw, 1024px\" \/><figcaption class=\"wp-element-caption\"><em>\u0110\/c L\u00ecm V\u0103n H\u00f2a &#8211; B\u00ed th\u01b0 \u0110o\u00e0n thanh ni\u00ean kh\u00f3a VIII nhi\u1ec7m k\u1ef3 2025-2030<\/em><\/figcaption><\/figure><\/div>","protected":false},"excerpt":{"rendered":"<div class=\"mh-excerpt\"><\/div>","protected":false},"author":1,"featured_media":0,"parent":0,"menu_order":0,"comment_status":"closed","ping_status":"closed","template":"","meta":{"footnotes":""},"_links":{"self":[{"href":"\/web\/wp-json\/wp\/v2\/pages\/3194"}],"collection":[{"href":"\/web\/wp-json\/wp\/v2\/pages"}],"about":[{"href":"\/web\/wp-json\/wp\/v2\/types\/page"}],"author":[{"embeddable":true,"href":"\/web\/wp-json\/wp\/v2\/users\/1"}],"replies":[{"embeddable":true,"href":"\/web\/wp-json\/wp\/v2\/comments?post=3194"}],"version-history":[{"count":3,"href":"\/web\/wp-json\/wp\/v2\/pages\/3194\/revisions"}],"predecessor-version":[{"id":10551,"href":"\/web\/wp-json\/wp\/v2\/pages\/3194\/revisions\/10551"}],"wp:attachment":[{"href":"\/web\/wp-json\/wp\/v2\/media?parent=3194"}],"curies":[{"name":"wp","href":"https:\/\/api.w.org\/{rel}","templated":true}]}}