{"id":3207,"date":"2020-09-17T09:40:21","date_gmt":"2020-09-17T02:40:21","guid":{"rendered":"\/web\/?page_id=3207"},"modified":"2025-10-21T15:04:42","modified_gmt":"2025-10-21T08:04:42","slug":"zzzzzzzzzzzzz","status":"publish","type":"page","link":"\/web\/zzzzzzzzzzzzz\/","title":{"rendered":"C\u00f4ng \u0111o\u00e0n"},"content":{"rendered":"<div class=\"wp-block-image\">\n<figure class=\"aligncenter size-large is-resized\"><img loading=\"lazy\" decoding=\"async\" width=\"1024\" height=\"729\" src=\"\/web\/wp-content\/uploads\/2025\/10\/BCH-Cong-doan-khoa-IX-nhiem-ky-2023-2028-1024x729.jpg\" alt=\"\" class=\"wp-image-10555\" style=\"width:571px;height:auto\" srcset=\"\/web\/wp-content\/uploads\/2025\/10\/BCH-Cong-doan-khoa-IX-nhiem-ky-2023-2028-1024x729.jpg 1024w, \/web\/wp-content\/uploads\/2025\/10\/BCH-Cong-doan-khoa-IX-nhiem-ky-2023-2028-300x214.jpg 300w, \/web\/wp-content\/uploads\/2025\/10\/BCH-Cong-doan-khoa-IX-nhiem-ky-2023-2028-768x547.jpg 768w, \/web\/wp-content\/uploads\/2025\/10\/BCH-Cong-doan-khoa-IX-nhiem-ky-2023-2028.jpg 1200w\" sizes=\"(max-width: 1024px) 100vw, 1024px\" \/><figcaption class=\"wp-element-caption\"><em>Ban ch\u1ea5p h\u00e0nh C\u00f4ng \u0111o\u00e0n kh\u00f3a IX nhi\u1ec7m k\u1ef3 2023-2028<\/em> <em>(7 \u0110\/c)<\/em><\/figcaption><\/figure><\/div>\n\n\n<figure class=\"wp-block-table\"><table><tbody><tr><td class=\"has-text-align-center\" data-align=\"center\"><div class=\"table-cell-content\">                       <\/div><img loading=\"lazy\" decoding=\"async\" width=\"150\" height=\"199\" class=\"wp-image-10200\" style=\"width: 150px;\" src=\"\/web\/wp-content\/uploads\/2025\/08\/dinhxuanthuy.jpg\" alt=\"\"><div class=\"table-cell-content\"><strong>BSCKI. \u0110INH XU\u00c2N TH\u1ee6Y<\/strong><br><em>Ch\u1ee7 t\u1ecbch C\u0110CS<\/em><br>                        <\/div><\/td><td class=\"has-text-align-center\" data-align=\"center\"><div class=\"table-cell-content\">                         <\/div><img loading=\"lazy\" decoding=\"async\" width=\"150\" height=\"225\" class=\"wp-image-3885\" style=\"width: 150px;\" src=\"\/web\/wp-content\/uploads\/2020\/09\/Nguy\u1ec5n-Li\u00ean-Chung.jpg\" alt=\"\" srcset=\"\/web\/wp-content\/uploads\/2020\/09\/Nguy\u1ec5n-Li\u00ean-Chung.jpg 787w, \/web\/wp-content\/uploads\/2020\/09\/Nguy\u1ec5n-Li\u00ean-Chung-200x300.jpg 200w, \/web\/wp-content\/uploads\/2020\/09\/Nguy\u1ec5n-Li\u00ean-Chung-682x1024.jpg 682w, \/web\/wp-content\/uploads\/2020\/09\/Nguy\u1ec5n-Li\u00ean-Chung-768x1152.jpg 768w\" sizes=\"(max-width: 150px) 100vw, 150px\" \/><div class=\"table-cell-content\"><strong>CN. NGUY\u1ec4N LI\u00caN CHUNG<\/strong><br> <em>Ph\u00f3 Ch\u1ee7 t\u1ecbch C\u0110CS<\/em><br>                        <\/div><\/td><\/tr><\/tbody><\/table><\/figure>\n\n\n\n<figure class=\"wp-block-table\"><table><tbody><tr><td class=\"has-text-align-center\" data-align=\"center\"><img loading=\"lazy\" decoding=\"async\" width=\"150\" height=\"225\" class=\"wp-image-3429\" style=\"width: 150px;\" src=\"\/web\/wp-content\/uploads\/2017\/09\/Nguy\u1ec5n-Th\u1ecb-Hoa-045099275.jpg\" alt=\"\" srcset=\"\/web\/wp-content\/uploads\/2017\/09\/Nguy\u1ec5n-Th\u1ecb-Hoa-045099275.jpg 787w, \/web\/wp-content\/uploads\/2017\/09\/Nguy\u1ec5n-Th\u1ecb-Hoa-045099275-200x300.jpg 200w, \/web\/wp-content\/uploads\/2017\/09\/Nguy\u1ec5n-Th\u1ecb-Hoa-045099275-682x1024.jpg 682w, \/web\/wp-content\/uploads\/2017\/09\/Nguy\u1ec5n-Th\u1ecb-Hoa-045099275-768x1152.jpg 768w\" sizes=\"(max-width: 150px) 100vw, 150px\" \/><br><strong>BSCKI. NGUY\u1ec4N TH\u1eca HOA<\/strong><br><em>UVBCH C\u0110CS<\/em><\/td><td class=\"has-text-align-center\" data-align=\"center\"><img loading=\"lazy\" decoding=\"async\" width=\"150\" height=\"225\" class=\"wp-image-3270\" style=\"width: 150px;\" src=\"\/web\/wp-content\/uploads\/2020\/09\/Ph\u1ea1m-Thanh-T\u00f9ng-045128041.jpg\" alt=\"\" srcset=\"\/web\/wp-content\/uploads\/2020\/09\/Ph\u1ea1m-Thanh-T\u00f9ng-045128041.jpg 787w, \/web\/wp-content\/uploads\/2020\/09\/Ph\u1ea1m-Thanh-T\u00f9ng-045128041-200x300.jpg 200w, \/web\/wp-content\/uploads\/2020\/09\/Ph\u1ea1m-Thanh-T\u00f9ng-045128041-682x1024.jpg 682w, \/web\/wp-content\/uploads\/2020\/09\/Ph\u1ea1m-Thanh-T\u00f9ng-045128041-768x1152.jpg 768w\" sizes=\"(max-width: 150px) 100vw, 150px\" \/><br><strong>BS. PH\u1ea0M THANH T\u00d9NG<\/strong><br><em>UVBCH C\u0110CS<\/em><\/td><td class=\"has-text-align-center\" data-align=\"center\"><img loading=\"lazy\" decoding=\"async\" width=\"150\" height=\"204\" class=\"wp-image-6831\" style=\"width: 150px;\" src=\"\/web\/wp-content\/uploads\/2024\/02\/nnnnnnn.png\" alt=\"\"><br><strong>BS. L\u00d2 THANH NGUY\u1ec6N<\/strong><br><em>UVBCH C\u0110CS<\/em><\/td><\/tr><tr><td class=\"has-text-align-center\" data-align=\"center\"><img loading=\"lazy\" decoding=\"async\" width=\"150\" height=\"225\" class=\"wp-image-3276\" style=\"width: 150px;\" src=\"\/web\/wp-content\/uploads\/2020\/09\/V\u0169-Duy-L\u01b0\u1ee3ng-045127911.jpg\" alt=\"\" srcset=\"\/web\/wp-content\/uploads\/2020\/09\/V\u0169-Duy-L\u01b0\u1ee3ng-045127911.jpg 787w, \/web\/wp-content\/uploads\/2020\/09\/V\u0169-Duy-L\u01b0\u1ee3ng-045127911-200x300.jpg 200w, \/web\/wp-content\/uploads\/2020\/09\/V\u0169-Duy-L\u01b0\u1ee3ng-045127911-682x1024.jpg 682w, \/web\/wp-content\/uploads\/2020\/09\/V\u0169-Duy-L\u01b0\u1ee3ng-045127911-768x1152.jpg 768w\" sizes=\"(max-width: 150px) 100vw, 150px\" \/><br><strong><strong>KT. V\u0168 DUY L\u01af\u1ee2NG<\/strong><\/strong><br><em>UVBCH C\u0110CS<\/em><\/td><td class=\"has-text-align-center\" data-align=\"center\"><img loading=\"lazy\" decoding=\"async\" width=\"150\" height=\"225\" class=\"wp-image-3320\" style=\"width: 150px;\" src=\"\/web\/wp-content\/uploads\/2020\/10\/L\u00f2-V\u0103n-Qu\u00fd-045152509.jpg\" alt=\"\" srcset=\"\/web\/wp-content\/uploads\/2020\/10\/L\u00f2-V\u0103n-Qu\u00fd-045152509.jpg 787w, \/web\/wp-content\/uploads\/2020\/10\/L\u00f2-V\u0103n-Qu\u00fd-045152509-200x300.jpg 200w, \/web\/wp-content\/uploads\/2020\/10\/L\u00f2-V\u0103n-Qu\u00fd-045152509-682x1024.jpg 682w, \/web\/wp-content\/uploads\/2020\/10\/L\u00f2-V\u0103n-Qu\u00fd-045152509-768x1152.jpg 768w\" sizes=\"(max-width: 150px) 100vw, 150px\" \/><br><strong><strong>YS. L\u00d2 V\u0102N QU\u00dd<\/strong><\/strong><br><em>\u1ee6y vi\u00ea<em>UVBCH C\u0110CS<\/em><\/em><\/td><td class=\"has-text-align-center\" data-align=\"center\"><br><\/td><\/tr><\/tbody><\/table><\/figure>\n","protected":false},"excerpt":{"rendered":"<div class=\"mh-excerpt\"><p>BSCKI. \u0110INH XU\u00c2N TH\u1ee6YCh\u1ee7 t\u1ecbch C\u0110CS CN. NGUY\u1ec4N LI\u00caN CHUNG Ph\u00f3 Ch\u1ee7 t\u1ecbch C\u0110CS BSCKI. NGUY\u1ec4N TH\u1eca HOAUVBCH C\u0110CS BS. PH\u1ea0M THANH T\u00d9NGUVBCH C\u0110CS BS. <a class=\"mh-excerpt-more\" href=\"\/web\/zzzzzzzzzzzzz\/\" title=\"C\u00f4ng \u0111o\u00e0n\">[&#8230;]<\/a><\/p>\n<\/div>","protected":false},"author":1,"featured_media":0,"parent":0,"menu_order":0,"comment_status":"closed","ping_status":"closed","template":"","meta":{"footnotes":""},"_links":{"self":[{"href":"\/web\/wp-json\/wp\/v2\/pages\/3207"}],"collection":[{"href":"\/web\/wp-json\/wp\/v2\/pages"}],"about":[{"href":"\/web\/wp-json\/wp\/v2\/types\/page"}],"author":[{"embeddable":true,"href":"\/web\/wp-json\/wp\/v2\/users\/1"}],"replies":[{"embeddable":true,"href":"\/web\/wp-json\/wp\/v2\/comments?post=3207"}],"version-history":[{"count":22,"href":"\/web\/wp-json\/wp\/v2\/pages\/3207\/revisions"}],"predecessor-version":[{"id":10582,"href":"\/web\/wp-json\/wp\/v2\/pages\/3207\/revisions\/10582"}],"wp:attachment":[{"href":"\/web\/wp-json\/wp\/v2\/media?parent=3207"}],"curies":[{"name":"wp","href":"https:\/\/api.w.org\/{rel}","templated":true}]}}