{"id":3214,"date":"2020-09-17T09:43:35","date_gmt":"2020-09-17T02:43:35","guid":{"rendered":"\/web\/?page_id=3214"},"modified":"2024-02-21T10:47:48","modified_gmt":"2024-02-21T03:47:48","slug":"ban-thuong-vu","status":"publish","type":"page","link":"\/web\/ban-thuong-vu\/","title":{"rendered":"Ban th\u01b0\u1eddng v\u1ee5"},"content":{"rendered":"\n<figure class=\"wp-block-table\"><table><tbody><tr><td class=\"has-text-align-center\" data-align=\"center\"><img loading=\"lazy\" decoding=\"async\" width=\"150\" height=\"225\" class=\"wp-image-2992\" style=\"width: 150px;\" src=\"\/web\/wp-content\/uploads\/2017\/09\/L\u00ecm-V\u0103n-H\u00f2a-045127579.jpg\" alt=\"\" srcset=\"\/web\/wp-content\/uploads\/2017\/09\/L\u00ecm-V\u0103n-H\u00f2a-045127579.jpg 787w, \/web\/wp-content\/uploads\/2017\/09\/L\u00ecm-V\u0103n-H\u00f2a-045127579-200x300.jpg 200w, \/web\/wp-content\/uploads\/2017\/09\/L\u00ecm-V\u0103n-H\u00f2a-045127579-682x1024.jpg 682w, \/web\/wp-content\/uploads\/2017\/09\/L\u00ecm-V\u0103n-H\u00f2a-045127579-768x1152.jpg 768w\" sizes=\"(max-width: 150px) 100vw, 150px\" \/><br><strong>CN. L\u00ccM V\u0102N H\u00d2A<\/strong><br><em>B\u00ed Th\u01b0 \u0111o\u00e0n<\/em><\/td><\/tr><\/tbody><\/table><\/figure>\n\n\n\n<figure class=\"wp-block-table\"><table><tbody><tr><td class=\"has-text-align-center\" data-align=\"center\"><img loading=\"lazy\" decoding=\"async\" width=\"150\" height=\"225\" class=\"wp-image-3462\" style=\"width: 150px;\" src=\"\/web\/wp-content\/uploads\/2017\/09\/H\u00e0-Th\u1ecb-Li\u00ean-045080159.jpg\" alt=\"\" srcset=\"\/web\/wp-content\/uploads\/2017\/09\/H\u00e0-Th\u1ecb-Li\u00ean-045080159.jpg 787w, \/web\/wp-content\/uploads\/2017\/09\/H\u00e0-Th\u1ecb-Li\u00ean-045080159-200x300.jpg 200w, \/web\/wp-content\/uploads\/2017\/09\/H\u00e0-Th\u1ecb-Li\u00ean-045080159-682x1024.jpg 682w, \/web\/wp-content\/uploads\/2017\/09\/H\u00e0-Th\u1ecb-Li\u00ean-045080159-768x1152.jpg 768w\" sizes=\"(max-width: 150px) 100vw, 150px\" \/><br><strong>DS. H\u00e0 Th\u1ecb Li\u00ean<\/strong><br><em>Ph\u00f3 b\u00ed th\u01b0 \u0111o\u00e0n<\/em><\/td><td class=\"has-text-align-center\" data-align=\"center\"><img loading=\"lazy\" decoding=\"async\" width=\"150\" height=\"225\" class=\"wp-image-3282\" style=\"width: 150px;\" src=\"\/web\/wp-content\/uploads\/2020\/09\/V\u0169-V\u0103n-Chi\u1ebfn-045015916.jpg\" alt=\"\" srcset=\"\/web\/wp-content\/uploads\/2020\/09\/V\u0169-V\u0103n-Chi\u1ebfn-045015916.jpg 787w, \/web\/wp-content\/uploads\/2020\/09\/V\u0169-V\u0103n-Chi\u1ebfn-045015916-200x300.jpg 200w, \/web\/wp-content\/uploads\/2020\/09\/V\u0169-V\u0103n-Chi\u1ebfn-045015916-682x1024.jpg 682w, \/web\/wp-content\/uploads\/2020\/09\/V\u0169-V\u0103n-Chi\u1ebfn-045015916-768x1152.jpg 768w\" sizes=\"(max-width: 150px) 100vw, 150px\" \/><br><strong>V\u0169 V\u0103n Chi\u1ebfn<\/strong><br><em>Ph\u00f3 b\u00ed th\u01b0 \u0111o\u00e0n<\/em><\/td><\/tr><\/tbody><\/table><\/figure>\n","protected":false},"excerpt":{"rendered":"<div class=\"mh-excerpt\"><p>CN. L\u00ccM V\u0102N H\u00d2AB\u00ed Th\u01b0 \u0111o\u00e0n DS. H\u00e0 Th\u1ecb Li\u00eanPh\u00f3 b\u00ed th\u01b0 \u0111o\u00e0n V\u0169 V\u0103n Chi\u1ebfnPh\u00f3 b\u00ed th\u01b0 \u0111o\u00e0n<\/p>\n<\/div>","protected":false},"author":1,"featured_media":0,"parent":0,"menu_order":0,"comment_status":"closed","ping_status":"closed","template":"","meta":{"footnotes":""},"_links":{"self":[{"href":"\/web\/wp-json\/wp\/v2\/pages\/3214"}],"collection":[{"href":"\/web\/wp-json\/wp\/v2\/pages"}],"about":[{"href":"\/web\/wp-json\/wp\/v2\/types\/page"}],"author":[{"embeddable":true,"href":"\/web\/wp-json\/wp\/v2\/users\/1"}],"replies":[{"embeddable":true,"href":"\/web\/wp-json\/wp\/v2\/comments?post=3214"}],"version-history":[{"count":5,"href":"\/web\/wp-json\/wp\/v2\/pages\/3214\/revisions"}],"predecessor-version":[{"id":6836,"href":"\/web\/wp-json\/wp\/v2\/pages\/3214\/revisions\/6836"}],"wp:attachment":[{"href":"\/web\/wp-json\/wp\/v2\/media?parent=3214"}],"curies":[{"name":"wp","href":"https:\/\/api.w.org\/{rel}","templated":true}]}}