{"id":6901,"date":"2024-02-22T09:58:39","date_gmt":"2024-02-22T02:58:39","guid":{"rendered":"\/web\/?page_id=6901"},"modified":"2024-02-22T09:58:39","modified_gmt":"2024-02-22T02:58:39","slug":"chi-bo-khoa-kham-benh","status":"publish","type":"page","link":"\/web\/chi-bo-khoa-kham-benh\/","title":{"rendered":"CHI B\u1ed8 KHOA KH\u00c1M B\u1ec6NH"},"content":{"rendered":"\n<figure class=\"wp-block-table\"><table><tbody><tr><td class=\"has-text-align-center\" data-align=\"center\"><img loading=\"lazy\" decoding=\"async\" width=\"150\" height=\"225\" class=\"wp-image-3429\" style=\"width: 150px;\" src=\"\/web\/wp-content\/uploads\/2017\/09\/Nguy\u1ec5n-Th\u1ecb-Hoa-045099275.jpg\" alt=\"\" srcset=\"\/web\/wp-content\/uploads\/2017\/09\/Nguy\u1ec5n-Th\u1ecb-Hoa-045099275.jpg 787w, \/web\/wp-content\/uploads\/2017\/09\/Nguy\u1ec5n-Th\u1ecb-Hoa-045099275-200x300.jpg 200w, \/web\/wp-content\/uploads\/2017\/09\/Nguy\u1ec5n-Th\u1ecb-Hoa-045099275-682x1024.jpg 682w, \/web\/wp-content\/uploads\/2017\/09\/Nguy\u1ec5n-Th\u1ecb-Hoa-045099275-768x1152.jpg 768w\" sizes=\"(max-width: 150px) 100vw, 150px\" \/><br><strong>Nguy\u1ec5n Th\u1ecb Hoa<\/strong><br><em>B\u00ed th\u01b0<\/em><\/td><\/tr><\/tbody><\/table><\/figure>\n\n\n\n<figure class=\"wp-block-table\"><table><tbody><tr><td class=\"has-text-align-center\" data-align=\"center\"><img loading=\"lazy\" decoding=\"async\" width=\"150\" height=\"225\" class=\"wp-image-3409\" style=\"width: 150px;\" src=\"\/web\/wp-content\/uploads\/2017\/09\/\u0110\u1ed7-M\u1ea1nh-H\u00f9ng.jpg\" alt=\"\" srcset=\"\/web\/wp-content\/uploads\/2017\/09\/\u0110\u1ed7-M\u1ea1nh-H\u00f9ng.jpg 472w, \/web\/wp-content\/uploads\/2017\/09\/\u0110\u1ed7-M\u1ea1nh-H\u00f9ng-200x300.jpg 200w\" sizes=\"(max-width: 150px) 100vw, 150px\" \/><br><strong>\u0110\u1ed7 M\u1ea1nh H\u00f9ng<\/strong><br><em>Ph\u00f3 b\u00ed th\u01b0<\/em><\/td><\/tr><\/tbody><\/table><\/figure>\n","protected":false},"excerpt":{"rendered":"<div class=\"mh-excerpt\"><p>Nguy\u1ec5n Th\u1ecb HoaB\u00ed th\u01b0 \u0110\u1ed7 M\u1ea1nh H\u00f9ngPh\u00f3 b\u00ed th\u01b0<\/p>\n<\/div>","protected":false},"author":1,"featured_media":0,"parent":0,"menu_order":0,"comment_status":"closed","ping_status":"closed","template":"","meta":{"footnotes":""},"_links":{"self":[{"href":"\/web\/wp-json\/wp\/v2\/pages\/6901"}],"collection":[{"href":"\/web\/wp-json\/wp\/v2\/pages"}],"about":[{"href":"\/web\/wp-json\/wp\/v2\/types\/page"}],"author":[{"embeddable":true,"href":"\/web\/wp-json\/wp\/v2\/users\/1"}],"replies":[{"embeddable":true,"href":"\/web\/wp-json\/wp\/v2\/comments?post=6901"}],"version-history":[{"count":1,"href":"\/web\/wp-json\/wp\/v2\/pages\/6901\/revisions"}],"predecessor-version":[{"id":6905,"href":"\/web\/wp-json\/wp\/v2\/pages\/6901\/revisions\/6905"}],"wp:attachment":[{"href":"\/web\/wp-json\/wp\/v2\/media?parent=6901"}],"curies":[{"name":"wp","href":"https:\/\/api.w.org\/{rel}","templated":true}]}}