{"id":6911,"date":"2024-02-22T10:01:05","date_gmt":"2024-02-22T03:01:05","guid":{"rendered":"\/web\/?page_id=6911"},"modified":"2024-02-22T10:01:05","modified_gmt":"2024-02-22T03:01:05","slug":"chi-bo-khoa-ngoai","status":"publish","type":"page","link":"\/web\/chi-bo-khoa-ngoai\/","title":{"rendered":"CHI B\u1ed8 KHOA NGO\u1ea0I"},"content":{"rendered":"\n<figure class=\"wp-block-table\"><table><tbody><tr><td class=\"has-text-align-center\" data-align=\"center\"><img loading=\"lazy\" decoding=\"async\" width=\"150\" height=\"225\" class=\"wp-image-3485\" style=\"width: 150px;\" src=\"\/web\/wp-content\/uploads\/2017\/09\/\u0110inh-Ch\u00ed-Ba-040309132.jpg\" alt=\"\" srcset=\"\/web\/wp-content\/uploads\/2017\/09\/\u0110inh-Ch\u00ed-Ba-040309132.jpg 787w, \/web\/wp-content\/uploads\/2017\/09\/\u0110inh-Ch\u00ed-Ba-040309132-200x300.jpg 200w, \/web\/wp-content\/uploads\/2017\/09\/\u0110inh-Ch\u00ed-Ba-040309132-682x1024.jpg 682w, \/web\/wp-content\/uploads\/2017\/09\/\u0110inh-Ch\u00ed-Ba-040309132-768x1152.jpg 768w\" sizes=\"(max-width: 150px) 100vw, 150px\" \/><br><strong>\u0110inh Ch\u00ed Ba<\/strong><br><em>B\u00ed th\u01b0<\/em><\/td><\/tr><\/tbody><\/table><\/figure>\n\n\n\n<p><\/p>\n","protected":false},"excerpt":{"rendered":"<div class=\"mh-excerpt\"><p>\u0110inh Ch\u00ed BaB\u00ed th\u01b0<\/p>\n<\/div>","protected":false},"author":1,"featured_media":0,"parent":0,"menu_order":0,"comment_status":"closed","ping_status":"closed","template":"","meta":{"footnotes":""},"_links":{"self":[{"href":"\/web\/wp-json\/wp\/v2\/pages\/6911"}],"collection":[{"href":"\/web\/wp-json\/wp\/v2\/pages"}],"about":[{"href":"\/web\/wp-json\/wp\/v2\/types\/page"}],"author":[{"embeddable":true,"href":"\/web\/wp-json\/wp\/v2\/users\/1"}],"replies":[{"embeddable":true,"href":"\/web\/wp-json\/wp\/v2\/comments?post=6911"}],"version-history":[{"count":1,"href":"\/web\/wp-json\/wp\/v2\/pages\/6911\/revisions"}],"predecessor-version":[{"id":6915,"href":"\/web\/wp-json\/wp\/v2\/pages\/6911\/revisions\/6915"}],"wp:attachment":[{"href":"\/web\/wp-json\/wp\/v2\/media?parent=6911"}],"curies":[{"name":"wp","href":"https:\/\/api.w.org\/{rel}","templated":true}]}}